{"id":99,"date":"2011-09-06T09:14:17","date_gmt":"2011-09-06T09:14:17","guid":{"rendered":"http:\/\/hollerung.hu\/?page_id=99"},"modified":"2017-05-26T19:12:56","modified_gmt":"2017-05-26T19:12:56","slug":"zempleni-fesztival","status":"publish","type":"page","link":"https:\/\/hollerung.hu\/en\/tevekenysegek\/zempleni-fesztival\/","title":{"rendered":"Zempl\u00e9n Festival"},"content":{"rendered":"<p><img loading=\"lazy\" src=\"http:\/\/hollerung.hu\/wp-content\/uploads\/2011\/09\/zemplen-2.jpg\" alt=\"zemplen\" width=\"2000\" height=\"330\" class=\"alignnone size-full wp-image-1450\" srcset=\"https:\/\/hollerung.hu\/wp-content\/uploads\/2011\/09\/zemplen-2.jpg 2000w, https:\/\/hollerung.hu\/wp-content\/uploads\/2011\/09\/zemplen-2-300x50.jpg 300w, https:\/\/hollerung.hu\/wp-content\/uploads\/2011\/09\/zemplen-2-768x127.jpg 768w, https:\/\/hollerung.hu\/wp-content\/uploads\/2011\/09\/zemplen-2-1024x169.jpg 1024w\" sizes=\"(max-width: 2000px) 100vw, 2000px\" \/><\/p>\n<div class=\"pepepage\">\n<p style=\"font-family:Montserrat, serif;font-size:3.5em;padding-bottom:40px;line-height:1em;\">Zemplen Festival<\/span><\/p>\n<p><strong>G\u00e1bor Hollerung has been the Arts Director (since 2004) of the arts festival which will celebrate its 25 years of remarkable history in 2016 and is organized in August each year.<\/strong><\/p>\n<p><img loading=\"lazy\" class=\"alignleft size-medium wp-image-246\" title=\"2011. Nyit\u00f3hangverseny\" src=\"http:\/\/hollerung.hu\/wp-content\/uploads\/2011\/09\/2011-11-300x173.jpg\" sizes=\"(max-width: 300px) 100vw, 300px\" srcset=\"http:\/\/hollerung.hu\/wp-content\/uploads\/2011\/09\/2011-11-300x173.jpg 300w, http:\/\/hollerung.hu\/wp-content\/uploads\/2011\/09\/2011-11-299x172.jpg 299w, http:\/\/hollerung.hu\/wp-content\/uploads\/2011\/09\/2011-11.jpg 1024w\" alt=\"2011. Nyit\u00f3hangverseny\" width=\"300\" height=\"173\" \/>Zempl\u00e9n Festival is one of the most prominent summer cultural festivals in Hungary, offering a complex range of programs in culture, tourism, viticulture and gastronomy.<br \/>\nThe art festival, launched by Liszt Ferenc Chamber Orchestra in four towns and several small settlements within the region in 1992, has been organized by Interkultur Hungaria Non-profit Ltd. since 2004.<br \/>\nA peculiar and wholly incomparable characteristic of Zempl\u00e9n Festival is its variety of genres, fields and areas which attracts the widest layers of audiences from Hungary and abroad alike, year after year. Prominent classical musical concerts, theatrical, dance and jazz eves, excursions and exhibitions await the public in the most beautiful monumental and outdoor venues in S\u00e1rospatak, Tokaj, S\u00e1toralja\u00fajhely, Szerencs and several other settlements in the Zempl\u00e9n region.<br \/>\nAlongside the grandeurs of Hungarian artistic life, several foreign guest ensembles and soloists perform in the Festival. This series of events regularly offers debut opportunities for young artists.<br \/>\nThe resident orchestra of the Festival is Dohn\u00e1nyi Orchestra, Budafok; and Budapest Academic Choral Society has been a regular performer.<\/p>\n<p>Tov\u00e1bbi inform\u00e1ci\u00f3: <span style=\"text-decoration: underline;\"><a style=\"text-decoration: underline;\" href=\"http:\/\/zemplenfestival.hu\/\" target=\"_blank\">www.zemplenfestival.hu<\/a><\/span><\/p>\n<\/div>\n<p><\/p>\n<div id=\"themify_builder_content-99\" data-postid=\"99\" class=\"themify_builder_content themify_builder_content-99 themify_builder themify_builder_front\">\n\n\t<\/div>\n<!-- \/themify_builder_content -->","protected":false},"excerpt":{"rendered":"<p>Zemplen Festival G\u00e1bor Hollerung has been the Arts Director (since 2004) of the arts festival which will celebrate its 25 years of remarkable history in 2016 and is organized in August each year. Zempl\u00e9n Festival is one of the most prominent summer cultural festivals in Hungary, offering a complex range of programs in culture, tourism, [&hellip;]<\/p>\n","protected":false},"author":1,"featured_media":0,"parent":7,"menu_order":4,"comment_status":"closed","ping_status":"closed","template":"","meta":{"ngg_post_thumbnail":0},"_links":{"self":[{"href":"https:\/\/hollerung.hu\/en\/wp-json\/wp\/v2\/pages\/99"}],"collection":[{"href":"https:\/\/hollerung.hu\/en\/wp-json\/wp\/v2\/pages"}],"about":[{"href":"https:\/\/hollerung.hu\/en\/wp-json\/wp\/v2\/types\/page"}],"author":[{"embeddable":true,"href":"https:\/\/hollerung.hu\/en\/wp-json\/wp\/v2\/users\/1"}],"replies":[{"embeddable":true,"href":"https:\/\/hollerung.hu\/en\/wp-json\/wp\/v2\/comments?post=99"}],"version-history":[{"count":26,"href":"https:\/\/hollerung.hu\/en\/wp-json\/wp\/v2\/pages\/99\/revisions"}],"predecessor-version":[{"id":2002,"href":"https:\/\/hollerung.hu\/en\/wp-json\/wp\/v2\/pages\/99\/revisions\/2002"}],"up":[{"embeddable":true,"href":"https:\/\/hollerung.hu\/en\/wp-json\/wp\/v2\/pages\/7"}],"wp:attachment":[{"href":"https:\/\/hollerung.hu\/en\/wp-json\/wp\/v2\/media?parent=99"}],"curies":[{"name":"wp","href":"https:\/\/api.w.org\/{rel}","templated":true}]}}