{"id":81,"date":"2011-09-06T08:59:10","date_gmt":"2011-09-06T08:59:10","guid":{"rendered":"http:\/\/hollerung.hu\/?page_id=81"},"modified":"2021-02-17T12:45:11","modified_gmt":"2021-02-17T12:45:11","slug":"enekel-az-orszag","status":"publish","type":"page","link":"https:\/\/hollerung.hu\/en\/tevekenysegek\/enekel-az-orszag\/","title":{"rendered":"Let the Country Sing"},"content":{"rendered":"<p><img loading=\"lazy\" class=\"alignnone size-full wp-image-1448\" src=\"http:\/\/hollerung.hu\/wp-content\/uploads\/2011\/09\/eao-1.jpg\" alt=\"eao\" width=\"2000\" height=\"330\" srcset=\"https:\/\/hollerung.hu\/wp-content\/uploads\/2011\/09\/eao-1.jpg 2000w, https:\/\/hollerung.hu\/wp-content\/uploads\/2011\/09\/eao-1-300x50.jpg 300w, https:\/\/hollerung.hu\/wp-content\/uploads\/2011\/09\/eao-1-768x127.jpg 768w, https:\/\/hollerung.hu\/wp-content\/uploads\/2011\/09\/eao-1-1024x169.jpg 1024w\" sizes=\"(max-width: 2000px) 100vw, 2000px\" \/><\/p>\n<div class=\"pepepage\">\n<p style=\"font-family: Montserrat, serif; font-size: 3.5em; padding-bottom: 40px; line-height: 1em;\">Let the country sing<\/p>\n<p><strong>The over 30-year series of events wherein the famous oratorios of music literature are year after year performed by hundreds of amateur singers, assisted by Budapest Academic Choral Society and Dohn\u00e1nyi Orchestra, Budafok in M\u00fcpa\u2019s Bart\u00f3k B\u00e9la National Concert Hall is attached to G\u00e1bor Hollerung\u2019s name.<\/strong><\/p>\n<p><img loading=\"lazy\" class=\"alignleft size-medium wp-image-178\" title=\"\u00c9nekel az orsz\u00e1g\" src=\"http:\/\/hollerung.hu\/wp-content\/uploads\/2011\/09\/eao_hgre-300x187.jpg\" sizes=\"(max-width: 300px) 100vw, 300px\" srcset=\"http:\/\/hollerung.hu\/wp-content\/uploads\/2011\/09\/eao_hgre-300x187.jpg 300w, http:\/\/hollerung.hu\/wp-content\/uploads\/2011\/09\/eao_hgre-299x186.jpg 299w, http:\/\/hollerung.hu\/wp-content\/uploads\/2011\/09\/eao_hgre.jpg 779w\" alt=\"\u00c9nekel az orsz\u00e1g\" width=\"300\" height=\"187\" \/>The joint concert by secondary school students from Budapest was first organized in 1985 and grew to become a national event from 2006, under the name Let the Country Sing. The event series Let the Country Sing offers the most various aged and skilled singers to participate from whatever segment of the country. The choirs and singers taking part in the project can perform grandiose oratories that they could not otherwise sing. All the participants attend a music camp held in annually changing provincial towns before the concert. The concept of the choir camp is focused on the dissemination of specific knowledge, considering that the rehearsals are not concentrated on learning the notes only, but also widen the participants\u2019 awareness about the interpretation of the work, about styles, musical language, relationship between life and art.<\/p>\n<p>Altogether a thousand singers, including over two hundred Hungarians and foreigners from beyond the country borders, performed in the two concerts held on the thirtieth anniversary of the series Let the Country Sing, in the frames of Budapest International Choir Festival in 2015.<\/p>\n<p>More information: <span style=\"text-decoration: underline;\"><a style=\"text-decoration: underline;\" href=\"http:\/\/www.enekelazorszag.hu\/\" target=\"_blank\" rel=\"noopener\">www.enekelazorszag.hu<\/a><\/span><\/p>\n<\/div>\n<p>&nbsp;<\/p>\n<div id=\"themify_builder_content-81\" data-postid=\"81\" class=\"themify_builder_content themify_builder_content-81 themify_builder themify_builder_front\">\n\n\t<\/div>\n<!-- \/themify_builder_content -->","protected":false},"excerpt":{"rendered":"<p>Let the country sing The over 30-year series of events wherein the famous oratorios of music literature are year after year performed by hundreds of amateur singers, assisted by Budapest Academic Choral Society and Dohn\u00e1nyi Orchestra, Budafok in M\u00fcpa\u2019s Bart\u00f3k B\u00e9la National Concert Hall is attached to G\u00e1bor Hollerung\u2019s name. The joint concert by secondary [&hellip;]<\/p>\n","protected":false},"author":1,"featured_media":0,"parent":7,"menu_order":6,"comment_status":"closed","ping_status":"closed","template":"","meta":{"ngg_post_thumbnail":0},"_links":{"self":[{"href":"https:\/\/hollerung.hu\/en\/wp-json\/wp\/v2\/pages\/81"}],"collection":[{"href":"https:\/\/hollerung.hu\/en\/wp-json\/wp\/v2\/pages"}],"about":[{"href":"https:\/\/hollerung.hu\/en\/wp-json\/wp\/v2\/types\/page"}],"author":[{"embeddable":true,"href":"https:\/\/hollerung.hu\/en\/wp-json\/wp\/v2\/users\/1"}],"replies":[{"embeddable":true,"href":"https:\/\/hollerung.hu\/en\/wp-json\/wp\/v2\/comments?post=81"}],"version-history":[{"count":29,"href":"https:\/\/hollerung.hu\/en\/wp-json\/wp\/v2\/pages\/81\/revisions"}],"predecessor-version":[{"id":2127,"href":"https:\/\/hollerung.hu\/en\/wp-json\/wp\/v2\/pages\/81\/revisions\/2127"}],"up":[{"embeddable":true,"href":"https:\/\/hollerung.hu\/en\/wp-json\/wp\/v2\/pages\/7"}],"wp:attachment":[{"href":"https:\/\/hollerung.hu\/en\/wp-json\/wp\/v2\/media?parent=81"}],"curies":[{"name":"wp","href":"https:\/\/api.w.org\/{rel}","templated":true}]}}