{"id":56,"date":"2011-09-06T08:28:55","date_gmt":"2011-09-06T08:28:55","guid":{"rendered":"http:\/\/hollerung.hu\/?page_id=56"},"modified":"2021-02-17T12:00:59","modified_gmt":"2021-02-17T12:00:59","slug":"bacs","status":"publish","type":"page","link":"https:\/\/hollerung.hu\/en\/tevekenysegek\/bacs\/","title":{"rendered":"Budapest Academic Choral Society"},"content":{"rendered":"<p><img loading=\"lazy\" class=\"alignnone size-full wp-image-1445\" src=\"http:\/\/hollerung.hu\/wp-content\/uploads\/2011\/09\/bak2.jpg\" alt=\"bak2\" width=\"2000\" height=\"330\" srcset=\"https:\/\/hollerung.hu\/wp-content\/uploads\/2011\/09\/bak2.jpg 2000w, https:\/\/hollerung.hu\/wp-content\/uploads\/2011\/09\/bak2-300x50.jpg 300w, https:\/\/hollerung.hu\/wp-content\/uploads\/2011\/09\/bak2-768x127.jpg 768w, https:\/\/hollerung.hu\/wp-content\/uploads\/2011\/09\/bak2-1024x169.jpg 1024w\" sizes=\"(max-width: 2000px) 100vw, 2000px\" \/><\/p>\n<div class=\"pepepage\">\n<p style=\"font-family: Montserrat, serif; font-size: 3.5em; padding-bottom: 40px; line-height: 1em;\">Budapest Academic Choral Society<\/p>\n<p><strong>Budapest Academic Choral Society (BAK) was founded in 1957. It functioned as the University Choir of KISZ Central Arts Ensemble until 1989. BAK became an emblematic ensemble of the capital in the past over half a century, taking pride in winning several Hungarian and international choir competitions and acting as a regular performer in national and international musical life.<\/strong><\/p>\n<p><img loading=\"lazy\" class=\"alignleft size-medium wp-image-172\" title=\"Budapesti Akad\u00e9miai K\u00f3rust\u00e1rsas\u00e1g\" src=\"http:\/\/hollerung.hu\/wp-content\/uploads\/2011\/09\/budapesti_akademiai_korustarsasag-11437-full-300x200.jpg\" sizes=\"(max-width: 300px) 100vw, 300px\" srcset=\"http:\/\/hollerung.hu\/wp-content\/uploads\/2011\/09\/budapesti_akademiai_korustarsasag-11437-full-300x200.jpg 300w, http:\/\/hollerung.hu\/wp-content\/uploads\/2011\/09\/budapesti_akademiai_korustarsasag-11437-full-299x199.jpg 299w, http:\/\/hollerung.hu\/wp-content\/uploads\/2011\/09\/budapesti_akademiai_korustarsasag-11437-full.jpg 600w\" alt=\"Budapesti Akad\u00e9miai K\u00f3rust\u00e1rsas\u00e1g\" width=\"300\" height=\"200\" \/>G\u00e1bor Hollerung was the second conductor of the choir between 1978-80 and has been its master conductor and Art Director since 1980. He can glory in an extraordinary series of success: he and his choir have taken the first place in each prominent choir competition in Europe, and several grand prizes (inc. the grand prize in Bart\u00f3k B\u00e9la International Choir Competition, Debrecen; the Llangollen title of \u201cChoir of the World\u201d) are also attached to his name. The jury awarded the best conductor\u2019s prize to him in Debrecen in 1984.<br \/>\nRanking among the 30 best choirs in the world, his choir was invited to Sydney World Symposium on Choral Music and Taipei International Choral Festival. BAK used to be a regular participant in Liturgica Festival, Jerusalem; and has performed with several Hungarian and foreign orchestras.<\/p>\n<p>Main prizes won by Budapest Academic Choral Society:<br \/>\n\u2022\t1980 National Choir Competition, B\u00e9k\u00e9s-Tarhos \u2013 grand prize<br \/>\n\u2022\t1980 Pescara International Choir Competition &#8211; 3 first prizes<br \/>\n\u2022\t1983 Tolosa International Choir Competition &#8211; 3 first prizes<br \/>\n\u2022\t1984 Bart\u00f3k B\u00e9la International Choir Competition \u2013 grand prize<br \/>\n\u2022\t1985 International Choir Competition, Neuchatel \u2013 first prize<br \/>\n\u2022\t1989 International Eisetddfod Llangollen \u2013 won the title \u201eChoir of the World\u201d <\/p>\n<p>Budapest Academic Choral Society regularly participates in the concerts of Dohn\u00e1nyi Orchestra, Budafok. The two ensembles used to organize a joint series of concerts for years.<\/p>\n<p>More information: <span style=\"text-decoration: underline;\"><a style=\"text-decoration: underline;\" href=\"http:\/\/www.bacs.hu\/\" target=\"_blank\" rel=\"noopener\">www.bacs.hu<\/a><\/span><\/p>\n<\/div>\n<p><\/p>\n<div id=\"themify_builder_content-56\" data-postid=\"56\" class=\"themify_builder_content themify_builder_content-56 themify_builder themify_builder_front\">\n\n\t<\/div>\n<!-- \/themify_builder_content -->","protected":false},"excerpt":{"rendered":"<p>Budapest Academic Choral Society Budapest Academic Choral Society (BAK) was founded in 1957. It functioned as the University Choir of KISZ Central Arts Ensemble until 1989. BAK became an emblematic ensemble of the capital in the past over half a century, taking pride in winning several Hungarian and international choir competitions and acting as a [&hellip;]<\/p>\n","protected":false},"author":1,"featured_media":0,"parent":7,"menu_order":2,"comment_status":"closed","ping_status":"closed","template":"","meta":{"ngg_post_thumbnail":0},"_links":{"self":[{"href":"https:\/\/hollerung.hu\/en\/wp-json\/wp\/v2\/pages\/56"}],"collection":[{"href":"https:\/\/hollerung.hu\/en\/wp-json\/wp\/v2\/pages"}],"about":[{"href":"https:\/\/hollerung.hu\/en\/wp-json\/wp\/v2\/types\/page"}],"author":[{"embeddable":true,"href":"https:\/\/hollerung.hu\/en\/wp-json\/wp\/v2\/users\/1"}],"replies":[{"embeddable":true,"href":"https:\/\/hollerung.hu\/en\/wp-json\/wp\/v2\/comments?post=56"}],"version-history":[{"count":39,"href":"https:\/\/hollerung.hu\/en\/wp-json\/wp\/v2\/pages\/56\/revisions"}],"predecessor-version":[{"id":2125,"href":"https:\/\/hollerung.hu\/en\/wp-json\/wp\/v2\/pages\/56\/revisions\/2125"}],"up":[{"embeddable":true,"href":"https:\/\/hollerung.hu\/en\/wp-json\/wp\/v2\/pages\/7"}],"wp:attachment":[{"href":"https:\/\/hollerung.hu\/en\/wp-json\/wp\/v2\/media?parent=56"}],"curies":[{"name":"wp","href":"https:\/\/api.w.org\/{rel}","templated":true}]}}