{"id":51,"date":"2011-09-06T08:20:14","date_gmt":"2011-09-06T08:20:14","guid":{"rendered":"http:\/\/hollerung.hu\/?page_id=51"},"modified":"2021-02-17T10:21:27","modified_gmt":"2021-02-17T10:21:27","slug":"bdz","status":"publish","type":"page","link":"https:\/\/hollerung.hu\/en\/tevekenysegek\/bdz\/","title":{"rendered":"Budafok Dohnanyi Orchestra"},"content":{"rendered":"<p><img loading=\"lazy\" class=\"alignnone size-full wp-image-1438\" src=\"http:\/\/hollerung.hu\/wp-content\/uploads\/2011\/09\/zeneakademia.jpg\" alt=\"zeneakademia\" width=\"2000\" height=\"330\" srcset=\"https:\/\/hollerung.hu\/wp-content\/uploads\/2011\/09\/zeneakademia.jpg 2000w, https:\/\/hollerung.hu\/wp-content\/uploads\/2011\/09\/zeneakademia-300x50.jpg 300w, https:\/\/hollerung.hu\/wp-content\/uploads\/2011\/09\/zeneakademia-768x127.jpg 768w, https:\/\/hollerung.hu\/wp-content\/uploads\/2011\/09\/zeneakademia-1024x169.jpg 1024w, https:\/\/hollerung.hu\/wp-content\/uploads\/2011\/09\/zeneakademia-1024x169-600x99.jpg 600w\" sizes=\"(max-width: 2000px) 100vw, 2000px\" \/><\/p>\n<div class=\"pepepage\">\n<p style=\"font-family: Montserrat, serif; font-size: 3.5em; padding-bottom: 40px; line-height: 1em;\">Budafok Dohnanyi Orchestra<\/p>\n<p><strong>Dohn\u00e1nyi Orchestra, Budafok is one of the outstanding symphonic orchestras in Hungary.<\/strong><\/p>\n<p><img loading=\"lazy\" class=\"alignleft wp-image-2110 size-large\" title=\"BDZ\" src=\"https:\/\/hollerung.hu\/wp-content\/uploads\/2021\/02\/BDZ-Ujevi-1274-Masolat-1024x682.jpg\" alt=\"\" width=\"1024\" height=\"682\" srcset=\"https:\/\/hollerung.hu\/wp-content\/uploads\/2021\/02\/BDZ-Ujevi-1274-Masolat-1024x682.jpg 1024w, https:\/\/hollerung.hu\/wp-content\/uploads\/2021\/02\/BDZ-Ujevi-1274-Masolat-300x200.jpg 300w, https:\/\/hollerung.hu\/wp-content\/uploads\/2021\/02\/BDZ-Ujevi-1274-Masolat-768x512.jpg 768w, https:\/\/hollerung.hu\/wp-content\/uploads\/2021\/02\/BDZ-Ujevi-1274-Masolat.jpg 1426w\" sizes=\"(max-width: 1024px) 100vw, 1024px\" \/>Budafok Dohnanyi Orchestra, Budafok (BDO) was founded by L\u00e1szl\u00f3 Nemes in 1970 from the then students of N\u00e1dasdy K\u00e1lm\u00e1n Music School. Quite many students in the Music School later went to vocational secondary schools specialized in music and then to the Music Academy. As their age grew and skills developed, the ensemble gradually became a youth symphonic orchestra. It adopted Ern\u0151 Dohn\u00e1nyi\u2019s name in 1989 and the Budapest 22nd district Local Government transformed it into a professional ensemble in 1993. G\u00e1bor Hollerung has been leading the orchestra since 1989, acting as an Executive Music Director since 2001.<\/p>\n<p>The ensemble has in the meanwhile improved to become one of the outstanding orchestras in Hungary, and a key partaker in the musical life of Budapest. It offered a range of prominent performances in its concert series shared with M\u00fcpa Budapest, and it has several self-managed concert series in the Music Academy and the concert hall in its operational region. Additionally, BDO also performs in significant concert venues in Budapest. The orchestra is experienced in all genres, it participated in a lot of highly successful concerts in the Sports Arena, Budapest and other grandiose venues. BDO has been the resident orchestra of Zempl\u00e9n Festival since 2004. It went on a lot of tours abroad and was a guest performer in almost each significant concert hall and festival in Europe. It was the resident orchestra of International Music Festival Sion Valais, Switzerland for years, but also performed in Mexico and US.<\/p>\n<p>More information: <span style=\"text-decoration: underline;\"><a href=\"https:\/\/bdz.hu\/en\/about-us\/the-orchestra\/\" target=\"_blank\" rel=\"noopener\">www.bdz.hu<\/a><\/span><\/p>\n<\/div>\n<p><\/p>\n<div id=\"themify_builder_content-51\" data-postid=\"51\" class=\"themify_builder_content themify_builder_content-51 themify_builder themify_builder_front\">\n\n\t<\/div>\n<!-- \/themify_builder_content -->","protected":false},"excerpt":{"rendered":"<p>Budafok Dohnanyi Orchestra Dohn\u00e1nyi Orchestra, Budafok is one of the outstanding symphonic orchestras in Hungary. Budafok Dohnanyi Orchestra, Budafok (BDO) was founded by L\u00e1szl\u00f3 Nemes in 1970 from the then students of N\u00e1dasdy K\u00e1lm\u00e1n Music School. Quite many students in the Music School later went to vocational secondary schools specialized in music and then to [&hellip;]<\/p>\n","protected":false},"author":1,"featured_media":0,"parent":7,"menu_order":1,"comment_status":"closed","ping_status":"closed","template":"","meta":{"ngg_post_thumbnail":0},"_links":{"self":[{"href":"https:\/\/hollerung.hu\/en\/wp-json\/wp\/v2\/pages\/51"}],"collection":[{"href":"https:\/\/hollerung.hu\/en\/wp-json\/wp\/v2\/pages"}],"about":[{"href":"https:\/\/hollerung.hu\/en\/wp-json\/wp\/v2\/types\/page"}],"author":[{"embeddable":true,"href":"https:\/\/hollerung.hu\/en\/wp-json\/wp\/v2\/users\/1"}],"replies":[{"embeddable":true,"href":"https:\/\/hollerung.hu\/en\/wp-json\/wp\/v2\/comments?post=51"}],"version-history":[{"count":37,"href":"https:\/\/hollerung.hu\/en\/wp-json\/wp\/v2\/pages\/51\/revisions"}],"predecessor-version":[{"id":2123,"href":"https:\/\/hollerung.hu\/en\/wp-json\/wp\/v2\/pages\/51\/revisions\/2123"}],"up":[{"embeddable":true,"href":"https:\/\/hollerung.hu\/en\/wp-json\/wp\/v2\/pages\/7"}],"wp:attachment":[{"href":"https:\/\/hollerung.hu\/en\/wp-json\/wp\/v2\/media?parent=51"}],"curies":[{"name":"wp","href":"https:\/\/api.w.org\/{rel}","templated":true}]}}