{"id":490,"date":"2011-10-18T22:12:16","date_gmt":"2011-10-18T22:12:16","guid":{"rendered":"http:\/\/hollerung.hu\/?page_id=490"},"modified":"2015-12-26T13:55:31","modified_gmt":"2015-12-26T13:55:31","slug":"filmzene-koncert-mupa","status":"publish","type":"page","link":"https:\/\/hollerung.hu\/en\/media\/fenykepek\/filmzene-koncert-mupa\/","title":{"rendered":"Filmharmony concert, October 2011"},"content":{"rendered":"<p><strong>16 October 2011, Palace of Arts<\/strong><\/p>\n<p>Dohn\u00e1nyi Orchestra Budafok<br \/>\nBudapest Academic Choral Society<\/p>\n<p>Photos: Edit P\u00e1link\u00e1s<\/p>\n<p><!-- default-view.php -->\n<div\n\tclass=\"ngg-galleryoverview default-view  ngg-ajax-pagination-none\"\n\tid=\"ngg-gallery-175b48721d07540c1813eb35ae275215-1\">\n\n\t\t<!-- Thumbnails -->\n\t\t\t\t<div id=\"ngg-image-0\" class=\"ngg-gallery-thumbnail-box \" >\n\t\t\t\t        <div class=\"ngg-gallery-thumbnail\">\n            <a href=\"https:\/\/hollerung.hu\/wp-content\/gallery\/bdz_filmzene\/filmzene18.JPG\"\n               title=\"\"\n               data-src=\"https:\/\/hollerung.hu\/wp-content\/gallery\/bdz_filmzene\/filmzene18.JPG\"\n               data-thumbnail=\"https:\/\/hollerung.hu\/wp-content\/gallery\/bdz_filmzene\/thumbs\/thumbs_filmzene18.JPG\"\n               data-image-id=\"84\"\n               data-title=\"filmzene18\"\n               data-description=\"\"\n               data-image-slug=\"filmzene18\"\n               class=\"shutterset_175b48721d07540c1813eb35ae275215\">\n                <img\n                    title=\"filmzene18\"\n                    alt=\"filmzene18\"\n                    src=\"https:\/\/hollerung.hu\/wp-content\/gallery\/bdz_filmzene\/thumbs\/thumbs_filmzene18.JPG\"\n                    width=\"250\"\n                    height=\"200\"\n                    style=\"max-width:100%;\"\n                \/>\n            <\/a>\n        <\/div>\n\t\t\t\t\t\t\t<\/div> \n\t\t\t\n\t\t\t\t<div id=\"ngg-image-1\" class=\"ngg-gallery-thumbnail-box \" >\n\t\t\t\t        <div class=\"ngg-gallery-thumbnail\">\n            <a href=\"https:\/\/hollerung.hu\/wp-content\/gallery\/bdz_filmzene\/filmzene42.jpg\"\n               title=\"\"\n               data-src=\"https:\/\/hollerung.hu\/wp-content\/gallery\/bdz_filmzene\/filmzene42.jpg\"\n               data-thumbnail=\"https:\/\/hollerung.hu\/wp-content\/gallery\/bdz_filmzene\/thumbs\/thumbs_filmzene42.jpg\"\n               data-image-id=\"108\"\n               data-title=\"filmzene42\"\n               data-description=\"\"\n               data-image-slug=\"filmzene42\"\n               class=\"shutterset_175b48721d07540c1813eb35ae275215\">\n                <img\n                    title=\"filmzene42\"\n                    alt=\"filmzene42\"\n                    src=\"https:\/\/hollerung.hu\/wp-content\/gallery\/bdz_filmzene\/thumbs\/thumbs_filmzene42.jpg\"\n                    width=\"250\"\n                    height=\"200\"\n                    style=\"max-width:100%;\"\n                \/>\n            <\/a>\n        <\/div>\n\t\t\t\t\t\t\t<\/div> \n\t\t\t\n\t\t\t\t<div id=\"ngg-image-2\" class=\"ngg-gallery-thumbnail-box \" >\n\t\t\t\t        <div class=\"ngg-gallery-thumbnail\">\n            <a href=\"https:\/\/hollerung.hu\/wp-content\/gallery\/bdz_filmzene\/filmzene41.jpg\"\n               title=\"\"\n               data-src=\"https:\/\/hollerung.hu\/wp-content\/gallery\/bdz_filmzene\/filmzene41.jpg\"\n               data-thumbnail=\"https:\/\/hollerung.hu\/wp-content\/gallery\/bdz_filmzene\/thumbs\/thumbs_filmzene41.jpg\"\n               data-image-id=\"107\"\n               data-title=\"filmzene41\"\n               data-description=\"\"\n               data-image-slug=\"filmzene41\"\n               class=\"shutterset_175b48721d07540c1813eb35ae275215\">\n                <img\n                    title=\"filmzene41\"\n                    alt=\"filmzene41\"\n                    src=\"https:\/\/hollerung.hu\/wp-content\/gallery\/bdz_filmzene\/thumbs\/thumbs_filmzene41.jpg\"\n                    width=\"250\"\n                    height=\"200\"\n                    style=\"max-width:100%;\"\n                \/>\n            <\/a>\n        <\/div>\n\t\t\t\t\t\t\t<\/div> \n\t\t\t\n\t\t\t\t<div id=\"ngg-image-3\" class=\"ngg-gallery-thumbnail-box \" >\n\t\t\t\t        <div class=\"ngg-gallery-thumbnail\">\n            <a href=\"https:\/\/hollerung.hu\/wp-content\/gallery\/bdz_filmzene\/filmzene36.JPG\"\n               title=\"\"\n               data-src=\"https:\/\/hollerung.hu\/wp-content\/gallery\/bdz_filmzene\/filmzene36.JPG\"\n               data-thumbnail=\"https:\/\/hollerung.hu\/wp-content\/gallery\/bdz_filmzene\/thumbs\/thumbs_filmzene36.JPG\"\n               data-image-id=\"102\"\n               data-title=\"filmzene36\"\n               data-description=\"\"\n               data-image-slug=\"filmzene36\"\n               class=\"shutterset_175b48721d07540c1813eb35ae275215\">\n                <img\n                    title=\"filmzene36\"\n                    alt=\"filmzene36\"\n                    src=\"https:\/\/hollerung.hu\/wp-content\/gallery\/bdz_filmzene\/thumbs\/thumbs_filmzene36.JPG\"\n                    width=\"250\"\n                    height=\"200\"\n                    style=\"max-width:100%;\"\n                \/>\n            <\/a>\n        <\/div>\n\t\t\t\t\t\t\t<\/div> \n\t\t\t\n\t\t\t\t<div id=\"ngg-image-4\" class=\"ngg-gallery-thumbnail-box \" >\n\t\t\t\t        <div class=\"ngg-gallery-thumbnail\">\n            <a href=\"https:\/\/hollerung.hu\/wp-content\/gallery\/bdz_filmzene\/filmzene34.JPG\"\n               title=\"\"\n               data-src=\"https:\/\/hollerung.hu\/wp-content\/gallery\/bdz_filmzene\/filmzene34.JPG\"\n               data-thumbnail=\"https:\/\/hollerung.hu\/wp-content\/gallery\/bdz_filmzene\/thumbs\/thumbs_filmzene34.JPG\"\n               data-image-id=\"100\"\n               data-title=\"filmzene34\"\n               data-description=\"\"\n               data-image-slug=\"filmzene34\"\n               class=\"shutterset_175b48721d07540c1813eb35ae275215\">\n                <img\n                    title=\"filmzene34\"\n                    alt=\"filmzene34\"\n                    src=\"https:\/\/hollerung.hu\/wp-content\/gallery\/bdz_filmzene\/thumbs\/thumbs_filmzene34.JPG\"\n                    width=\"250\"\n                    height=\"200\"\n                    style=\"max-width:100%;\"\n                \/>\n            <\/a>\n        <\/div>\n\t\t\t\t\t\t\t<\/div> \n\t\t\t\n\t\t\t\t<div id=\"ngg-image-5\" class=\"ngg-gallery-thumbnail-box \" >\n\t\t\t\t        <div class=\"ngg-gallery-thumbnail\">\n            <a href=\"https:\/\/hollerung.hu\/wp-content\/gallery\/bdz_filmzene\/filmzene33.JPG\"\n               title=\"\"\n               data-src=\"https:\/\/hollerung.hu\/wp-content\/gallery\/bdz_filmzene\/filmzene33.JPG\"\n               data-thumbnail=\"https:\/\/hollerung.hu\/wp-content\/gallery\/bdz_filmzene\/thumbs\/thumbs_filmzene33.JPG\"\n               data-image-id=\"99\"\n               data-title=\"filmzene33\"\n               data-description=\"\"\n               data-image-slug=\"filmzene33\"\n               class=\"shutterset_175b48721d07540c1813eb35ae275215\">\n                <img\n                    title=\"filmzene33\"\n                    alt=\"filmzene33\"\n                    src=\"https:\/\/hollerung.hu\/wp-content\/gallery\/bdz_filmzene\/thumbs\/thumbs_filmzene33.JPG\"\n                    width=\"250\"\n                    height=\"200\"\n                    style=\"max-width:100%;\"\n                \/>\n            <\/a>\n        <\/div>\n\t\t\t\t\t\t\t<\/div> \n\t\t\t\n\t\t\t\t<div id=\"ngg-image-6\" class=\"ngg-gallery-thumbnail-box \" >\n\t\t\t\t        <div class=\"ngg-gallery-thumbnail\">\n            <a href=\"https:\/\/hollerung.hu\/wp-content\/gallery\/bdz_filmzene\/filmzene26.JPG\"\n               title=\"\"\n               data-src=\"https:\/\/hollerung.hu\/wp-content\/gallery\/bdz_filmzene\/filmzene26.JPG\"\n               data-thumbnail=\"https:\/\/hollerung.hu\/wp-content\/gallery\/bdz_filmzene\/thumbs\/thumbs_filmzene26.JPG\"\n               data-image-id=\"92\"\n               data-title=\"filmzene26\"\n               data-description=\"\"\n               data-image-slug=\"filmzene26\"\n               class=\"shutterset_175b48721d07540c1813eb35ae275215\">\n                <img\n                    title=\"filmzene26\"\n                    alt=\"filmzene26\"\n                    src=\"https:\/\/hollerung.hu\/wp-content\/gallery\/bdz_filmzene\/thumbs\/thumbs_filmzene26.JPG\"\n                    width=\"250\"\n                    height=\"200\"\n                    style=\"max-width:100%;\"\n                \/>\n            <\/a>\n        <\/div>\n\t\t\t\t\t\t\t<\/div> \n\t\t\t\n\t\t\t\t<div id=\"ngg-image-7\" class=\"ngg-gallery-thumbnail-box \" >\n\t\t\t\t        <div class=\"ngg-gallery-thumbnail\">\n            <a href=\"https:\/\/hollerung.hu\/wp-content\/gallery\/bdz_filmzene\/filmzene25.JPG\"\n               title=\"\"\n               data-src=\"https:\/\/hollerung.hu\/wp-content\/gallery\/bdz_filmzene\/filmzene25.JPG\"\n               data-thumbnail=\"https:\/\/hollerung.hu\/wp-content\/gallery\/bdz_filmzene\/thumbs\/thumbs_filmzene25.JPG\"\n               data-image-id=\"91\"\n               data-title=\"filmzene25\"\n               data-description=\"\"\n               data-image-slug=\"filmzene25\"\n               class=\"shutterset_175b48721d07540c1813eb35ae275215\">\n                <img\n                    title=\"filmzene25\"\n                    alt=\"filmzene25\"\n                    src=\"https:\/\/hollerung.hu\/wp-content\/gallery\/bdz_filmzene\/thumbs\/thumbs_filmzene25.JPG\"\n                    width=\"250\"\n                    height=\"200\"\n                    style=\"max-width:100%;\"\n                \/>\n            <\/a>\n        <\/div>\n\t\t\t\t\t\t\t<\/div> \n\t\t\t\n\t\t\t\t<div id=\"ngg-image-8\" class=\"ngg-gallery-thumbnail-box \" >\n\t\t\t\t        <div class=\"ngg-gallery-thumbnail\">\n            <a href=\"https:\/\/hollerung.hu\/wp-content\/gallery\/bdz_filmzene\/filmzene23.JPG\"\n               title=\"\"\n               data-src=\"https:\/\/hollerung.hu\/wp-content\/gallery\/bdz_filmzene\/filmzene23.JPG\"\n               data-thumbnail=\"https:\/\/hollerung.hu\/wp-content\/gallery\/bdz_filmzene\/thumbs\/thumbs_filmzene23.JPG\"\n               data-image-id=\"89\"\n               data-title=\"filmzene23\"\n               data-description=\"\"\n               data-image-slug=\"filmzene23\"\n               class=\"shutterset_175b48721d07540c1813eb35ae275215\">\n                <img\n                    title=\"filmzene23\"\n                    alt=\"filmzene23\"\n                    src=\"https:\/\/hollerung.hu\/wp-content\/gallery\/bdz_filmzene\/thumbs\/thumbs_filmzene23.JPG\"\n                    width=\"250\"\n                    height=\"200\"\n                    style=\"max-width:100%;\"\n                \/>\n            <\/a>\n        <\/div>\n\t\t\t\t\t\t\t<\/div> \n\t\t\t\n\t\t\t\t<div id=\"ngg-image-9\" class=\"ngg-gallery-thumbnail-box \" >\n\t\t\t\t        <div class=\"ngg-gallery-thumbnail\">\n            <a href=\"https:\/\/hollerung.hu\/wp-content\/gallery\/bdz_filmzene\/filmzene22.jpg\"\n               title=\"\"\n               data-src=\"https:\/\/hollerung.hu\/wp-content\/gallery\/bdz_filmzene\/filmzene22.jpg\"\n               data-thumbnail=\"https:\/\/hollerung.hu\/wp-content\/gallery\/bdz_filmzene\/thumbs\/thumbs_filmzene22.jpg\"\n               data-image-id=\"88\"\n               data-title=\"filmzene22\"\n               data-description=\"\"\n               data-image-slug=\"filmzene22\"\n               class=\"shutterset_175b48721d07540c1813eb35ae275215\">\n                <img\n                    title=\"filmzene22\"\n                    alt=\"filmzene22\"\n                    src=\"https:\/\/hollerung.hu\/wp-content\/gallery\/bdz_filmzene\/thumbs\/thumbs_filmzene22.jpg\"\n                    width=\"250\"\n                    height=\"200\"\n                    style=\"max-width:100%;\"\n                \/>\n            <\/a>\n        <\/div>\n\t\t\t\t\t\t\t<\/div> \n\t\t\t\n\t\t\t\t<div id=\"ngg-image-10\" class=\"ngg-gallery-thumbnail-box \" >\n\t\t\t\t        <div class=\"ngg-gallery-thumbnail\">\n            <a href=\"https:\/\/hollerung.hu\/wp-content\/gallery\/bdz_filmzene\/filmzene19.JPG\"\n               title=\"\"\n               data-src=\"https:\/\/hollerung.hu\/wp-content\/gallery\/bdz_filmzene\/filmzene19.JPG\"\n               data-thumbnail=\"https:\/\/hollerung.hu\/wp-content\/gallery\/bdz_filmzene\/thumbs\/thumbs_filmzene19.JPG\"\n               data-image-id=\"85\"\n               data-title=\"filmzene19\"\n               data-description=\"\"\n               data-image-slug=\"filmzene19\"\n               class=\"shutterset_175b48721d07540c1813eb35ae275215\">\n                <img\n                    title=\"filmzene19\"\n                    alt=\"filmzene19\"\n                    src=\"https:\/\/hollerung.hu\/wp-content\/gallery\/bdz_filmzene\/thumbs\/thumbs_filmzene19.JPG\"\n                    width=\"250\"\n                    height=\"200\"\n                    style=\"max-width:100%;\"\n                \/>\n            <\/a>\n        <\/div>\n\t\t\t\t\t\t\t<\/div> \n\t\t\t\n\t\t\t\t<div id=\"ngg-image-11\" class=\"ngg-gallery-thumbnail-box \" >\n\t\t\t\t        <div class=\"ngg-gallery-thumbnail\">\n            <a href=\"https:\/\/hollerung.hu\/wp-content\/gallery\/bdz_filmzene\/filmzene02.JPG\"\n               title=\"\"\n               data-src=\"https:\/\/hollerung.hu\/wp-content\/gallery\/bdz_filmzene\/filmzene02.JPG\"\n               data-thumbnail=\"https:\/\/hollerung.hu\/wp-content\/gallery\/bdz_filmzene\/thumbs\/thumbs_filmzene02.JPG\"\n               data-image-id=\"68\"\n               data-title=\"filmzene02\"\n               data-description=\"\"\n               data-image-slug=\"filmzene02\"\n               class=\"shutterset_175b48721d07540c1813eb35ae275215\">\n                <img\n                    title=\"filmzene02\"\n                    alt=\"filmzene02\"\n                    src=\"https:\/\/hollerung.hu\/wp-content\/gallery\/bdz_filmzene\/thumbs\/thumbs_filmzene02.JPG\"\n                    width=\"250\"\n                    height=\"200\"\n                    style=\"max-width:100%;\"\n                \/>\n            <\/a>\n        <\/div>\n\t\t\t\t\t\t\t<\/div> \n\t\t\t\n\t\t\t\t<div id=\"ngg-image-12\" class=\"ngg-gallery-thumbnail-box \" >\n\t\t\t\t        <div class=\"ngg-gallery-thumbnail\">\n            <a href=\"https:\/\/hollerung.hu\/wp-content\/gallery\/bdz_filmzene\/filmzene17.JPG\"\n               title=\"\"\n               data-src=\"https:\/\/hollerung.hu\/wp-content\/gallery\/bdz_filmzene\/filmzene17.JPG\"\n               data-thumbnail=\"https:\/\/hollerung.hu\/wp-content\/gallery\/bdz_filmzene\/thumbs\/thumbs_filmzene17.JPG\"\n               data-image-id=\"83\"\n               data-title=\"filmzene17\"\n               data-description=\"\"\n               data-image-slug=\"filmzene17\"\n               class=\"shutterset_175b48721d07540c1813eb35ae275215\">\n                <img\n                    title=\"filmzene17\"\n                    alt=\"filmzene17\"\n                    src=\"https:\/\/hollerung.hu\/wp-content\/gallery\/bdz_filmzene\/thumbs\/thumbs_filmzene17.JPG\"\n                    width=\"250\"\n                    height=\"200\"\n                    style=\"max-width:100%;\"\n                \/>\n            <\/a>\n        <\/div>\n\t\t\t\t\t\t\t<\/div> \n\t\t\t\n\t\t\t\t<div id=\"ngg-image-13\" class=\"ngg-gallery-thumbnail-box \" >\n\t\t\t\t        <div class=\"ngg-gallery-thumbnail\">\n            <a href=\"https:\/\/hollerung.hu\/wp-content\/gallery\/bdz_filmzene\/filmzene15.JPG\"\n               title=\"\"\n               data-src=\"https:\/\/hollerung.hu\/wp-content\/gallery\/bdz_filmzene\/filmzene15.JPG\"\n               data-thumbnail=\"https:\/\/hollerung.hu\/wp-content\/gallery\/bdz_filmzene\/thumbs\/thumbs_filmzene15.JPG\"\n               data-image-id=\"81\"\n               data-title=\"filmzene15\"\n               data-description=\"\"\n               data-image-slug=\"filmzene15\"\n               class=\"shutterset_175b48721d07540c1813eb35ae275215\">\n                <img\n                    title=\"filmzene15\"\n                    alt=\"filmzene15\"\n                    src=\"https:\/\/hollerung.hu\/wp-content\/gallery\/bdz_filmzene\/thumbs\/thumbs_filmzene15.JPG\"\n                    width=\"250\"\n                    height=\"200\"\n                    style=\"max-width:100%;\"\n                \/>\n            <\/a>\n        <\/div>\n\t\t\t\t\t\t\t<\/div> \n\t\t\t\n\t\t\t\t<div id=\"ngg-image-14\" class=\"ngg-gallery-thumbnail-box \" >\n\t\t\t\t        <div class=\"ngg-gallery-thumbnail\">\n            <a href=\"https:\/\/hollerung.hu\/wp-content\/gallery\/bdz_filmzene\/filmzene14.JPG\"\n               title=\"\"\n               data-src=\"https:\/\/hollerung.hu\/wp-content\/gallery\/bdz_filmzene\/filmzene14.JPG\"\n               data-thumbnail=\"https:\/\/hollerung.hu\/wp-content\/gallery\/bdz_filmzene\/thumbs\/thumbs_filmzene14.JPG\"\n               data-image-id=\"80\"\n               data-title=\"filmzene14\"\n               data-description=\"\"\n               data-image-slug=\"filmzene14\"\n               class=\"shutterset_175b48721d07540c1813eb35ae275215\">\n                <img\n                    title=\"filmzene14\"\n                    alt=\"filmzene14\"\n                    src=\"https:\/\/hollerung.hu\/wp-content\/gallery\/bdz_filmzene\/thumbs\/thumbs_filmzene14.JPG\"\n                    width=\"250\"\n                    height=\"200\"\n                    style=\"max-width:100%;\"\n                \/>\n            <\/a>\n        <\/div>\n\t\t\t\t\t\t\t<\/div> \n\t\t\t\n\t\t\t\t<div id=\"ngg-image-15\" class=\"ngg-gallery-thumbnail-box \" >\n\t\t\t\t        <div class=\"ngg-gallery-thumbnail\">\n            <a href=\"https:\/\/hollerung.hu\/wp-content\/gallery\/bdz_filmzene\/filmzene12.JPG\"\n               title=\"\"\n               data-src=\"https:\/\/hollerung.hu\/wp-content\/gallery\/bdz_filmzene\/filmzene12.JPG\"\n               data-thumbnail=\"https:\/\/hollerung.hu\/wp-content\/gallery\/bdz_filmzene\/thumbs\/thumbs_filmzene12.JPG\"\n               data-image-id=\"78\"\n               data-title=\"filmzene12\"\n               data-description=\"\"\n               data-image-slug=\"filmzene12\"\n               class=\"shutterset_175b48721d07540c1813eb35ae275215\">\n                <img\n                    title=\"filmzene12\"\n                    alt=\"filmzene12\"\n                    src=\"https:\/\/hollerung.hu\/wp-content\/gallery\/bdz_filmzene\/thumbs\/thumbs_filmzene12.JPG\"\n                    width=\"250\"\n                    height=\"200\"\n                    style=\"max-width:100%;\"\n                \/>\n            <\/a>\n        <\/div>\n\t\t\t\t\t\t\t<\/div> \n\t\t\t\n\t\t\t\t<div id=\"ngg-image-16\" class=\"ngg-gallery-thumbnail-box \" >\n\t\t\t\t        <div class=\"ngg-gallery-thumbnail\">\n            <a href=\"https:\/\/hollerung.hu\/wp-content\/gallery\/bdz_filmzene\/filmzene10.JPG\"\n               title=\"\"\n               data-src=\"https:\/\/hollerung.hu\/wp-content\/gallery\/bdz_filmzene\/filmzene10.JPG\"\n               data-thumbnail=\"https:\/\/hollerung.hu\/wp-content\/gallery\/bdz_filmzene\/thumbs\/thumbs_filmzene10.JPG\"\n               data-image-id=\"76\"\n               data-title=\"filmzene10\"\n               data-description=\"\"\n               data-image-slug=\"filmzene10\"\n               class=\"shutterset_175b48721d07540c1813eb35ae275215\">\n                <img\n                    title=\"filmzene10\"\n                    alt=\"filmzene10\"\n                    src=\"https:\/\/hollerung.hu\/wp-content\/gallery\/bdz_filmzene\/thumbs\/thumbs_filmzene10.JPG\"\n                    width=\"250\"\n                    height=\"200\"\n                    style=\"max-width:100%;\"\n                \/>\n            <\/a>\n        <\/div>\n\t\t\t\t\t\t\t<\/div> \n\t\t\t\n\t\t\t\t<div id=\"ngg-image-17\" class=\"ngg-gallery-thumbnail-box \" >\n\t\t\t\t        <div class=\"ngg-gallery-thumbnail\">\n            <a href=\"https:\/\/hollerung.hu\/wp-content\/gallery\/bdz_filmzene\/filmzene09.JPG\"\n               title=\"\"\n               data-src=\"https:\/\/hollerung.hu\/wp-content\/gallery\/bdz_filmzene\/filmzene09.JPG\"\n               data-thumbnail=\"https:\/\/hollerung.hu\/wp-content\/gallery\/bdz_filmzene\/thumbs\/thumbs_filmzene09.JPG\"\n               data-image-id=\"75\"\n               data-title=\"filmzene09\"\n               data-description=\"\"\n               data-image-slug=\"filmzene09\"\n               class=\"shutterset_175b48721d07540c1813eb35ae275215\">\n                <img\n                    title=\"filmzene09\"\n                    alt=\"filmzene09\"\n                    src=\"https:\/\/hollerung.hu\/wp-content\/gallery\/bdz_filmzene\/thumbs\/thumbs_filmzene09.JPG\"\n                    width=\"250\"\n                    height=\"200\"\n                    style=\"max-width:100%;\"\n                \/>\n            <\/a>\n        <\/div>\n\t\t\t\t\t\t\t<\/div> \n\t\t\t\n\t\t\t\t<div id=\"ngg-image-18\" class=\"ngg-gallery-thumbnail-box \" >\n\t\t\t\t        <div class=\"ngg-gallery-thumbnail\">\n            <a href=\"https:\/\/hollerung.hu\/wp-content\/gallery\/bdz_filmzene\/filmzene08.JPG\"\n               title=\"\"\n               data-src=\"https:\/\/hollerung.hu\/wp-content\/gallery\/bdz_filmzene\/filmzene08.JPG\"\n               data-thumbnail=\"https:\/\/hollerung.hu\/wp-content\/gallery\/bdz_filmzene\/thumbs\/thumbs_filmzene08.JPG\"\n               data-image-id=\"74\"\n               data-title=\"filmzene08\"\n               data-description=\"\"\n               data-image-slug=\"filmzene08\"\n               class=\"shutterset_175b48721d07540c1813eb35ae275215\">\n                <img\n                    title=\"filmzene08\"\n                    alt=\"filmzene08\"\n                    src=\"https:\/\/hollerung.hu\/wp-content\/gallery\/bdz_filmzene\/thumbs\/thumbs_filmzene08.JPG\"\n                    width=\"250\"\n                    height=\"200\"\n                    style=\"max-width:100%;\"\n                \/>\n            <\/a>\n        <\/div>\n\t\t\t\t\t\t\t<\/div> \n\t\t\t\n\t\t\t\t<div id=\"ngg-image-19\" class=\"ngg-gallery-thumbnail-box \" >\n\t\t\t\t        <div class=\"ngg-gallery-thumbnail\">\n            <a href=\"https:\/\/hollerung.hu\/wp-content\/gallery\/bdz_filmzene\/filmzene07.JPG\"\n               title=\"\"\n               data-src=\"https:\/\/hollerung.hu\/wp-content\/gallery\/bdz_filmzene\/filmzene07.JPG\"\n               data-thumbnail=\"https:\/\/hollerung.hu\/wp-content\/gallery\/bdz_filmzene\/thumbs\/thumbs_filmzene07.JPG\"\n               data-image-id=\"73\"\n               data-title=\"filmzene07\"\n               data-description=\"\"\n               data-image-slug=\"filmzene07\"\n               class=\"shutterset_175b48721d07540c1813eb35ae275215\">\n                <img\n                    title=\"filmzene07\"\n                    alt=\"filmzene07\"\n                    src=\"https:\/\/hollerung.hu\/wp-content\/gallery\/bdz_filmzene\/thumbs\/thumbs_filmzene07.JPG\"\n                    width=\"250\"\n                    height=\"200\"\n                    style=\"max-width:100%;\"\n                \/>\n            <\/a>\n        <\/div>\n\t\t\t\t\t\t\t<\/div> \n\t\t\t\n\t\t\t\t<div id=\"ngg-image-20\" class=\"ngg-gallery-thumbnail-box \" >\n\t\t\t\t        <div class=\"ngg-gallery-thumbnail\">\n            <a href=\"https:\/\/hollerung.hu\/wp-content\/gallery\/bdz_filmzene\/filmzene04.JPG\"\n               title=\"\"\n               data-src=\"https:\/\/hollerung.hu\/wp-content\/gallery\/bdz_filmzene\/filmzene04.JPG\"\n               data-thumbnail=\"https:\/\/hollerung.hu\/wp-content\/gallery\/bdz_filmzene\/thumbs\/thumbs_filmzene04.JPG\"\n               data-image-id=\"70\"\n               data-title=\"filmzene04\"\n               data-description=\"\"\n               data-image-slug=\"filmzene04\"\n               class=\"shutterset_175b48721d07540c1813eb35ae275215\">\n                <img\n                    title=\"filmzene04\"\n                    alt=\"filmzene04\"\n                    src=\"https:\/\/hollerung.hu\/wp-content\/gallery\/bdz_filmzene\/thumbs\/thumbs_filmzene04.JPG\"\n                    width=\"250\"\n                    height=\"200\"\n                    style=\"max-width:100%;\"\n                \/>\n            <\/a>\n        <\/div>\n\t\t\t\t\t\t\t<\/div> \n\t\t\t\n\t\t\t\t<div id=\"ngg-image-21\" class=\"ngg-gallery-thumbnail-box \" >\n\t\t\t\t        <div class=\"ngg-gallery-thumbnail\">\n            <a href=\"https:\/\/hollerung.hu\/wp-content\/gallery\/bdz_filmzene\/filmzene03.JPG\"\n               title=\"\"\n               data-src=\"https:\/\/hollerung.hu\/wp-content\/gallery\/bdz_filmzene\/filmzene03.JPG\"\n               data-thumbnail=\"https:\/\/hollerung.hu\/wp-content\/gallery\/bdz_filmzene\/thumbs\/thumbs_filmzene03.JPG\"\n               data-image-id=\"69\"\n               data-title=\"filmzene03\"\n               data-description=\"\"\n               data-image-slug=\"filmzene03\"\n               class=\"shutterset_175b48721d07540c1813eb35ae275215\">\n                <img\n                    title=\"filmzene03\"\n                    alt=\"filmzene03\"\n                    src=\"https:\/\/hollerung.hu\/wp-content\/gallery\/bdz_filmzene\/thumbs\/thumbs_filmzene03.JPG\"\n                    width=\"250\"\n                    height=\"200\"\n                    style=\"max-width:100%;\"\n                \/>\n            <\/a>\n        <\/div>\n\t\t\t\t\t\t\t<\/div> \n\t\t\t\n\t\n\t<br style=\"clear: both\" \/>\n\n\t\n\t\t<!-- Pagination -->\n\t<div class='ngg-clear'><\/div>\t<\/div>\n<\/p>\n<div id=\"themify_builder_content-490\" data-postid=\"490\" class=\"themify_builder_content themify_builder_content-490 themify_builder themify_builder_front\">\n\n\t<\/div>\n<!-- \/themify_builder_content -->","protected":false},"excerpt":{"rendered":"<p>16 October 2011, Palace of Arts Dohn\u00e1nyi Orchestra Budafok Budapest Academic Choral Society Photos: Edit P\u00e1link\u00e1s<\/p>\n","protected":false},"author":1,"featured_media":0,"parent":11,"menu_order":5,"comment_status":"closed","ping_status":"closed","template":"","meta":{"ngg_post_thumbnail":0},"_links":{"self":[{"href":"https:\/\/hollerung.hu\/en\/wp-json\/wp\/v2\/pages\/490"}],"collection":[{"href":"https:\/\/hollerung.hu\/en\/wp-json\/wp\/v2\/pages"}],"about":[{"href":"https:\/\/hollerung.hu\/en\/wp-json\/wp\/v2\/types\/page"}],"author":[{"embeddable":true,"href":"https:\/\/hollerung.hu\/en\/wp-json\/wp\/v2\/users\/1"}],"replies":[{"embeddable":true,"href":"https:\/\/hollerung.hu\/en\/wp-json\/wp\/v2\/comments?post=490"}],"version-history":[{"count":10,"href":"https:\/\/hollerung.hu\/en\/wp-json\/wp\/v2\/pages\/490\/revisions"}],"predecessor-version":[{"id":1247,"href":"https:\/\/hollerung.hu\/en\/wp-json\/wp\/v2\/pages\/490\/revisions\/1247"}],"up":[{"embeddable":true,"href":"https:\/\/hollerung.hu\/en\/wp-json\/wp\/v2\/pages\/11"}],"wp:attachment":[{"href":"https:\/\/hollerung.hu\/en\/wp-json\/wp\/v2\/media?parent=490"}],"curies":[{"name":"wp","href":"https:\/\/api.w.org\/{rel}","templated":true}]}}