{"id":1674,"date":"2016-01-31T16:48:11","date_gmt":"2016-01-31T16:48:11","guid":{"rendered":"http:\/\/hollerung.hu\/?page_id=1674"},"modified":"2017-05-26T19:10:51","modified_gmt":"2017-05-26T19:10:51","slug":"rendezveny-es-fesztivalszervezes","status":"publish","type":"page","link":"https:\/\/hollerung.hu\/en\/tevekenysegek\/rendezveny-es-fesztivalszervezes\/","title":{"rendered":"Event and festival organization"},"content":{"rendered":"<p><img loading=\"lazy\" src=\"http:\/\/hollerung.hu\/wp-content\/uploads\/2016\/01\/esemeny.jpg\" alt=\"esemeny\" width=\"2000\" height=\"330\" class=\"alignnone size-full wp-image-1688\" srcset=\"https:\/\/hollerung.hu\/wp-content\/uploads\/2016\/01\/esemeny.jpg 2000w, https:\/\/hollerung.hu\/wp-content\/uploads\/2016\/01\/esemeny-300x50.jpg 300w, https:\/\/hollerung.hu\/wp-content\/uploads\/2016\/01\/esemeny-768x127.jpg 768w, https:\/\/hollerung.hu\/wp-content\/uploads\/2016\/01\/esemeny-1024x169.jpg 1024w\" sizes=\"(max-width: 2000px) 100vw, 2000px\" \/><\/p>\n<div class=\"pepepage\">\n<p style=\"font-family:Montserrat, serif;font-size:3.5em;padding-bottom:40px;line-height:1em;\">Event and festival organization<\/span><\/p>\n<p><img loading=\"lazy\" class=\"alignleft size-full wp-image-1676\" src=\"http:\/\/hollerung.hu\/wp-content\/uploads\/2016\/03\/bp_int_2009_1.jpg\" alt=\"Fot\u00f3: P\u00e1link\u00e1s Edit\" width=\"300\" height=\"199\" \/>Through the commencement in 1988 of Budapest International Choir Competition, G\u00e1bor Hollerung called a chorus competition into being with a new arts concept. This has since become a sample for most of the world\u2019s choir competitions. He was the initiator and an art concept designer of Choir Olympics and World Choir Games, held biannually since 2000 (2000 Linz, 2002 Busan, 2004 Bremen, 2006 Xiamen, 2008 Graz, 2010 Xiaoxing, 2012 Cincinnati, 2014 Riga).<br \/>\nIn 1995 he participated in the organization of European Musical School Festival housing 500 ensembles from all over the world.<br \/>\nG\u00e1bor Hollerung has been a co-organizer of Kod\u00e1ly Zolt\u00e1n Hungarian Choir Competition since 1997. He organized the French-Hungarian gala in 2000, at a request by the Office for the French-Hungarian Cultural Year.<br \/>\nHe has been the Arts Director of Zempl\u00e9n Festival, one of the most prominent events with a full range of traditions, since 2004, at the assignment of Antenna Hungaria Zrt.<br \/>\nG\u00e1bor Hollerung withdrew from Interkultur International Musical Competitions Foundation in 2013 and was one of the founders of the Graz-seated Inchoral International Choral Festival Network in 2014. Additionally, he is the art director of a great number of other international choir competitions.<\/p>\n<\/div>\n<p>&nbsp;<\/p>\n<div id=\"themify_builder_content-1674\" data-postid=\"1674\" class=\"themify_builder_content themify_builder_content-1674 themify_builder themify_builder_front\">\n\n\t<\/div>\n<!-- \/themify_builder_content -->","protected":false},"excerpt":{"rendered":"<p>Event and festival organization Through the commencement in 1988 of Budapest International Choir Competition, G\u00e1bor Hollerung called a chorus competition into being with a new arts concept. This has since become a sample for most of the world\u2019s choir competitions. He was the initiator and an art concept designer of Choir Olympics and World Choir [&hellip;]<\/p>\n","protected":false},"author":1,"featured_media":0,"parent":7,"menu_order":0,"comment_status":"closed","ping_status":"closed","template":"","meta":{"ngg_post_thumbnail":0},"_links":{"self":[{"href":"https:\/\/hollerung.hu\/en\/wp-json\/wp\/v2\/pages\/1674"}],"collection":[{"href":"https:\/\/hollerung.hu\/en\/wp-json\/wp\/v2\/pages"}],"about":[{"href":"https:\/\/hollerung.hu\/en\/wp-json\/wp\/v2\/types\/page"}],"author":[{"embeddable":true,"href":"https:\/\/hollerung.hu\/en\/wp-json\/wp\/v2\/users\/1"}],"replies":[{"embeddable":true,"href":"https:\/\/hollerung.hu\/en\/wp-json\/wp\/v2\/comments?post=1674"}],"version-history":[{"count":10,"href":"https:\/\/hollerung.hu\/en\/wp-json\/wp\/v2\/pages\/1674\/revisions"}],"predecessor-version":[{"id":1999,"href":"https:\/\/hollerung.hu\/en\/wp-json\/wp\/v2\/pages\/1674\/revisions\/1999"}],"up":[{"embeddable":true,"href":"https:\/\/hollerung.hu\/en\/wp-json\/wp\/v2\/pages\/7"}],"wp:attachment":[{"href":"https:\/\/hollerung.hu\/en\/wp-json\/wp\/v2\/media?parent=1674"}],"curies":[{"name":"wp","href":"https:\/\/api.w.org\/{rel}","templated":true}]}}