{"id":1650,"date":"2016-01-15T14:35:09","date_gmt":"2016-01-15T14:35:09","guid":{"rendered":"http:\/\/hollerung.hu\/?page_id=1650"},"modified":"2016-01-15T14:53:28","modified_gmt":"2016-01-15T14:53:28","slug":"sziporkazo-kozhelyek","status":"publish","type":"page","link":"https:\/\/hollerung.hu\/en\/sziporkazo-kozhelyek\/","title":{"rendered":"(Magyar) SZIPORK\u00c1Z\u00d3 K\u00d6ZHELYEK"},"content":{"rendered":"<p class=\"qtranxs-available-languages-message qtranxs-available-languages-message-en\">Sorry, this entry is only available in <a href=\"https:\/\/hollerung.hu\/hu\/wp-json\/wp\/v2\/pages\/1650\" class=\"qtranxs-available-language-link qtranxs-available-language-link-hu\" title=\"Magyar\">Hungarian<\/a>.<\/p>","protected":false},"excerpt":{"rendered":"<p>Sorry, this entry is only available in Hungarian.<\/p>\n","protected":false},"author":1,"featured_media":0,"parent":0,"menu_order":0,"comment_status":"closed","ping_status":"closed","template":"","meta":{"ngg_post_thumbnail":0},"_links":{"self":[{"href":"https:\/\/hollerung.hu\/en\/wp-json\/wp\/v2\/pages\/1650"}],"collection":[{"href":"https:\/\/hollerung.hu\/en\/wp-json\/wp\/v2\/pages"}],"about":[{"href":"https:\/\/hollerung.hu\/en\/wp-json\/wp\/v2\/types\/page"}],"author":[{"embeddable":true,"href":"https:\/\/hollerung.hu\/en\/wp-json\/wp\/v2\/users\/1"}],"replies":[{"embeddable":true,"href":"https:\/\/hollerung.hu\/en\/wp-json\/wp\/v2\/comments?post=1650"}],"version-history":[{"count":0,"href":"https:\/\/hollerung.hu\/en\/wp-json\/wp\/v2\/pages\/1650\/revisions"}],"wp:attachment":[{"href":"https:\/\/hollerung.hu\/en\/wp-json\/wp\/v2\/media?parent=1650"}],"curies":[{"name":"wp","href":"https:\/\/api.w.org\/{rel}","templated":true}]}}