{"id":1617,"date":"2016-01-12T20:29:05","date_gmt":"2016-01-12T20:29:05","guid":{"rendered":"http:\/\/hollerung.hu\/?page_id=1617"},"modified":"2016-01-12T21:31:28","modified_gmt":"2016-01-12T21:31:28","slug":"az-orokkevalosag-pillanatai","status":"publish","type":"page","link":"https:\/\/hollerung.hu\/en\/az-orokkevalosag-pillanatai\/","title":{"rendered":"AZ \u00d6R\u00d6KK\u00c9VAL\u00d3S\u00c1G PILLANATAI"},"content":{"rendered":"<p>Sorry, this content is only available in Hungarian.<\/p>\n<div id=\"themify_builder_content-1617\" data-postid=\"1617\" class=\"themify_builder_content themify_builder_content-1617 themify_builder themify_builder_front\">\n\n\t<\/div>\n<!-- \/themify_builder_content -->","protected":false},"excerpt":{"rendered":"<p>Sorry, this content is only available in Hungarian.<\/p>\n","protected":false},"author":1,"featured_media":0,"parent":0,"menu_order":0,"comment_status":"closed","ping_status":"closed","template":"","meta":{"ngg_post_thumbnail":0},"_links":{"self":[{"href":"https:\/\/hollerung.hu\/en\/wp-json\/wp\/v2\/pages\/1617"}],"collection":[{"href":"https:\/\/hollerung.hu\/en\/wp-json\/wp\/v2\/pages"}],"about":[{"href":"https:\/\/hollerung.hu\/en\/wp-json\/wp\/v2\/types\/page"}],"author":[{"embeddable":true,"href":"https:\/\/hollerung.hu\/en\/wp-json\/wp\/v2\/users\/1"}],"replies":[{"embeddable":true,"href":"https:\/\/hollerung.hu\/en\/wp-json\/wp\/v2\/comments?post=1617"}],"version-history":[{"count":3,"href":"https:\/\/hollerung.hu\/en\/wp-json\/wp\/v2\/pages\/1617\/revisions"}],"predecessor-version":[{"id":1648,"href":"https:\/\/hollerung.hu\/en\/wp-json\/wp\/v2\/pages\/1617\/revisions\/1648"}],"wp:attachment":[{"href":"https:\/\/hollerung.hu\/en\/wp-json\/wp\/v2\/media?parent=1617"}],"curies":[{"name":"wp","href":"https:\/\/api.w.org\/{rel}","templated":true}]}}