{"id":1583,"date":"2016-01-01T09:04:21","date_gmt":"2016-01-01T09:04:21","guid":{"rendered":"http:\/\/hollerung.hu\/?page_id=1583"},"modified":"2016-01-01T09:14:47","modified_gmt":"2016-01-01T09:14:47","slug":"hollerung-60","status":"publish","type":"page","link":"https:\/\/hollerung.hu\/en\/media\/fenykepek\/hollerung-60\/","title":{"rendered":"Hollerung 60"},"content":{"rendered":"<p><strong>Palace of Arts, Budapest, 7 September 2014<\/strong><\/p>\n<p>Bart\u00f3k: Concerto<br \/>\nBeethoven: Symphony No.9<\/p>\n<p>Cec\u00edlia Lloyd &#8211; soprano<br \/>\nL\u00facia Megyesi Schwartz &#8211; alto<br \/>\nZolt\u00e1n Ny\u00e1ri &#8211; tenor<br \/>\nP\u00e9ter K\u00e1lm\u00e1n &#8211; bass<br \/>\nFormer and present members of the Budapest Academic Choral Society<br \/>\nDohn\u00e1nyi Orchestra Budafok<br \/>\nConducted by G\u00e1bor Hollerung<\/p>\n<p>Photos: Tibor Lengyel, \u00c1lmos P\u00e9ter<\/p>\n<p><!-- default-view.php -->\n<div\n\tclass=\"ngg-galleryoverview default-view  ngg-ajax-pagination-none\"\n\tid=\"ngg-gallery-77c13d755c37f7724beb1e255d2644b2-1\">\n\n\t\t<!-- Thumbnails -->\n\t\t\t\t<div id=\"ngg-image-0\" class=\"ngg-gallery-thumbnail-box \" >\n\t\t\t\t        <div class=\"ngg-gallery-thumbnail\">\n            <a href=\"https:\/\/hollerung.hu\/wp-content\/gallery\/hollerung-60\/image-229.jpg\"\n               title=\"\"\n               data-src=\"https:\/\/hollerung.hu\/wp-content\/gallery\/hollerung-60\/image-229.jpg\"\n               data-thumbnail=\"https:\/\/hollerung.hu\/wp-content\/gallery\/hollerung-60\/thumbs\/thumbs_image-229.jpg\"\n               data-image-id=\"251\"\n               data-title=\"image-229\"\n               data-description=\"\"\n               data-image-slug=\"image-10\"\n               class=\"shutterset_77c13d755c37f7724beb1e255d2644b2\">\n                <img\n                    title=\"image-229\"\n                    alt=\"image-229\"\n                    src=\"https:\/\/hollerung.hu\/wp-content\/gallery\/hollerung-60\/thumbs\/thumbs_image-229.jpg\"\n                    width=\"250\"\n                    height=\"200\"\n                    style=\"max-width:100%;\"\n                \/>\n            <\/a>\n        <\/div>\n\t\t\t\t\t\t\t<\/div> \n\t\t\t\n\t\t\t\t<div id=\"ngg-image-1\" class=\"ngg-gallery-thumbnail-box \" >\n\t\t\t\t        <div class=\"ngg-gallery-thumbnail\">\n            <a href=\"https:\/\/hollerung.hu\/wp-content\/gallery\/hollerung-60\/image-231.jpg\"\n               title=\"\"\n               data-src=\"https:\/\/hollerung.hu\/wp-content\/gallery\/hollerung-60\/image-231.jpg\"\n               data-thumbnail=\"https:\/\/hollerung.hu\/wp-content\/gallery\/hollerung-60\/thumbs\/thumbs_image-231.jpg\"\n               data-image-id=\"252\"\n               data-title=\"image-231\"\n               data-description=\"\"\n               data-image-slug=\"image-11\"\n               class=\"shutterset_77c13d755c37f7724beb1e255d2644b2\">\n                <img\n                    title=\"image-231\"\n                    alt=\"image-231\"\n                    src=\"https:\/\/hollerung.hu\/wp-content\/gallery\/hollerung-60\/thumbs\/thumbs_image-231.jpg\"\n                    width=\"250\"\n                    height=\"200\"\n                    style=\"max-width:100%;\"\n                \/>\n            <\/a>\n        <\/div>\n\t\t\t\t\t\t\t<\/div> \n\t\t\t\n\t\t\t\t<div id=\"ngg-image-2\" class=\"ngg-gallery-thumbnail-box \" >\n\t\t\t\t        <div class=\"ngg-gallery-thumbnail\">\n            <a href=\"https:\/\/hollerung.hu\/wp-content\/gallery\/hollerung-60\/image-205.jpg\"\n               title=\"\"\n               data-src=\"https:\/\/hollerung.hu\/wp-content\/gallery\/hollerung-60\/image-205.jpg\"\n               data-thumbnail=\"https:\/\/hollerung.hu\/wp-content\/gallery\/hollerung-60\/thumbs\/thumbs_image-205.jpg\"\n               data-image-id=\"250\"\n               data-title=\"image-205\"\n               data-description=\"\"\n               data-image-slug=\"image-9\"\n               class=\"shutterset_77c13d755c37f7724beb1e255d2644b2\">\n                <img\n                    title=\"image-205\"\n                    alt=\"image-205\"\n                    src=\"https:\/\/hollerung.hu\/wp-content\/gallery\/hollerung-60\/thumbs\/thumbs_image-205.jpg\"\n                    width=\"250\"\n                    height=\"200\"\n                    style=\"max-width:100%;\"\n                \/>\n            <\/a>\n        <\/div>\n\t\t\t\t\t\t\t<\/div> \n\t\t\t\n\t\t\t\t<div id=\"ngg-image-3\" class=\"ngg-gallery-thumbnail-box \" >\n\t\t\t\t        <div class=\"ngg-gallery-thumbnail\">\n            <a href=\"https:\/\/hollerung.hu\/wp-content\/gallery\/hollerung-60\/hollerung_60er_panoama_07_09_2014.jpg\"\n               title=\"\"\n               data-src=\"https:\/\/hollerung.hu\/wp-content\/gallery\/hollerung-60\/hollerung_60er_panoama_07_09_2014.jpg\"\n               data-thumbnail=\"https:\/\/hollerung.hu\/wp-content\/gallery\/hollerung-60\/thumbs\/thumbs_hollerung_60er_panoama_07_09_2014.jpg\"\n               data-image-id=\"256\"\n               data-title=\"hollerung_60er_panoama_07_09_2014\"\n               data-description=\"\"\n               data-image-slug=\"image-15\"\n               class=\"shutterset_77c13d755c37f7724beb1e255d2644b2\">\n                <img\n                    title=\"hollerung_60er_panoama_07_09_2014\"\n                    alt=\"hollerung_60er_panoama_07_09_2014\"\n                    src=\"https:\/\/hollerung.hu\/wp-content\/gallery\/hollerung-60\/thumbs\/thumbs_hollerung_60er_panoama_07_09_2014.jpg\"\n                    width=\"250\"\n                    height=\"200\"\n                    style=\"max-width:100%;\"\n                \/>\n            <\/a>\n        <\/div>\n\t\t\t\t\t\t\t<\/div> \n\t\t\t\n\t\t\t\t<div id=\"ngg-image-4\" class=\"ngg-gallery-thumbnail-box \" >\n\t\t\t\t        <div class=\"ngg-gallery-thumbnail\">\n            <a href=\"https:\/\/hollerung.hu\/wp-content\/gallery\/hollerung-60\/hollerung_60_140907_n-7-of-53.jpg\"\n               title=\"\"\n               data-src=\"https:\/\/hollerung.hu\/wp-content\/gallery\/hollerung-60\/hollerung_60_140907_n-7-of-53.jpg\"\n               data-thumbnail=\"https:\/\/hollerung.hu\/wp-content\/gallery\/hollerung-60\/thumbs\/thumbs_hollerung_60_140907_n-7-of-53.jpg\"\n               data-image-id=\"249\"\n               data-title=\"hollerung_60_140907_n-7-of-53\"\n               data-description=\"\"\n               data-image-slug=\"image-8\"\n               class=\"shutterset_77c13d755c37f7724beb1e255d2644b2\">\n                <img\n                    title=\"hollerung_60_140907_n-7-of-53\"\n                    alt=\"hollerung_60_140907_n-7-of-53\"\n                    src=\"https:\/\/hollerung.hu\/wp-content\/gallery\/hollerung-60\/thumbs\/thumbs_hollerung_60_140907_n-7-of-53.jpg\"\n                    width=\"250\"\n                    height=\"200\"\n                    style=\"max-width:100%;\"\n                \/>\n            <\/a>\n        <\/div>\n\t\t\t\t\t\t\t<\/div> \n\t\t\t\n\t\t\t\t<div id=\"ngg-image-5\" class=\"ngg-gallery-thumbnail-box \" >\n\t\t\t\t        <div class=\"ngg-gallery-thumbnail\">\n            <a href=\"https:\/\/hollerung.hu\/wp-content\/gallery\/hollerung-60\/hollerung_60_140907_n-14-of-53.jpg\"\n               title=\"\"\n               data-src=\"https:\/\/hollerung.hu\/wp-content\/gallery\/hollerung-60\/hollerung_60_140907_n-14-of-53.jpg\"\n               data-thumbnail=\"https:\/\/hollerung.hu\/wp-content\/gallery\/hollerung-60\/thumbs\/thumbs_hollerung_60_140907_n-14-of-53.jpg\"\n               data-image-id=\"245\"\n               data-title=\"hollerung_60_140907_n-14-of-53\"\n               data-description=\"\"\n               data-image-slug=\"image-16\"\n               class=\"shutterset_77c13d755c37f7724beb1e255d2644b2\">\n                <img\n                    title=\"hollerung_60_140907_n-14-of-53\"\n                    alt=\"hollerung_60_140907_n-14-of-53\"\n                    src=\"https:\/\/hollerung.hu\/wp-content\/gallery\/hollerung-60\/thumbs\/thumbs_hollerung_60_140907_n-14-of-53.jpg\"\n                    width=\"250\"\n                    height=\"200\"\n                    style=\"max-width:100%;\"\n                \/>\n            <\/a>\n        <\/div>\n\t\t\t\t\t\t\t<\/div> \n\t\t\t\n\t\t\t\t<div id=\"ngg-image-6\" class=\"ngg-gallery-thumbnail-box \" >\n\t\t\t\t        <div class=\"ngg-gallery-thumbnail\">\n            <a href=\"https:\/\/hollerung.hu\/wp-content\/gallery\/hollerung-60\/hollerung_60_140907_n-29-of-53.jpg\"\n               title=\"\"\n               data-src=\"https:\/\/hollerung.hu\/wp-content\/gallery\/hollerung-60\/hollerung_60_140907_n-29-of-53.jpg\"\n               data-thumbnail=\"https:\/\/hollerung.hu\/wp-content\/gallery\/hollerung-60\/thumbs\/thumbs_hollerung_60_140907_n-29-of-53.jpg\"\n               data-image-id=\"246\"\n               data-title=\"hollerung_60_140907_n-29-of-53\"\n               data-description=\"\"\n               data-image-slug=\"image-5\"\n               class=\"shutterset_77c13d755c37f7724beb1e255d2644b2\">\n                <img\n                    title=\"hollerung_60_140907_n-29-of-53\"\n                    alt=\"hollerung_60_140907_n-29-of-53\"\n                    src=\"https:\/\/hollerung.hu\/wp-content\/gallery\/hollerung-60\/thumbs\/thumbs_hollerung_60_140907_n-29-of-53.jpg\"\n                    width=\"250\"\n                    height=\"200\"\n                    style=\"max-width:100%;\"\n                \/>\n            <\/a>\n        <\/div>\n\t\t\t\t\t\t\t<\/div> \n\t\t\t\n\t\t\t\t<div id=\"ngg-image-7\" class=\"ngg-gallery-thumbnail-box \" >\n\t\t\t\t        <div class=\"ngg-gallery-thumbnail\">\n            <a href=\"https:\/\/hollerung.hu\/wp-content\/gallery\/hollerung-60\/10547775_864981703514602_7514325124986519348_o.jpg\"\n               title=\"\"\n               data-src=\"https:\/\/hollerung.hu\/wp-content\/gallery\/hollerung-60\/10547775_864981703514602_7514325124986519348_o.jpg\"\n               data-thumbnail=\"https:\/\/hollerung.hu\/wp-content\/gallery\/hollerung-60\/thumbs\/thumbs_10547775_864981703514602_7514325124986519348_o.jpg\"\n               data-image-id=\"242\"\n               data-title=\"10547775_864981703514602_7514325124986519348_o\"\n               data-description=\"\"\n               data-image-slug=\"image-2\"\n               class=\"shutterset_77c13d755c37f7724beb1e255d2644b2\">\n                <img\n                    title=\"10547775_864981703514602_7514325124986519348_o\"\n                    alt=\"10547775_864981703514602_7514325124986519348_o\"\n                    src=\"https:\/\/hollerung.hu\/wp-content\/gallery\/hollerung-60\/thumbs\/thumbs_10547775_864981703514602_7514325124986519348_o.jpg\"\n                    width=\"250\"\n                    height=\"200\"\n                    style=\"max-width:100%;\"\n                \/>\n            <\/a>\n        <\/div>\n\t\t\t\t\t\t\t<\/div> \n\t\t\t\n\t\t\t\t<div id=\"ngg-image-8\" class=\"ngg-gallery-thumbnail-box \" >\n\t\t\t\t        <div class=\"ngg-gallery-thumbnail\">\n            <a href=\"https:\/\/hollerung.hu\/wp-content\/gallery\/hollerung-60\/hollerung_60_140907_n-35-of-53.jpg\"\n               title=\"\"\n               data-src=\"https:\/\/hollerung.hu\/wp-content\/gallery\/hollerung-60\/hollerung_60_140907_n-35-of-53.jpg\"\n               data-thumbnail=\"https:\/\/hollerung.hu\/wp-content\/gallery\/hollerung-60\/thumbs\/thumbs_hollerung_60_140907_n-35-of-53.jpg\"\n               data-image-id=\"247\"\n               data-title=\"hollerung_60_140907_n-35-of-53\"\n               data-description=\"\"\n               data-image-slug=\"image-6\"\n               class=\"shutterset_77c13d755c37f7724beb1e255d2644b2\">\n                <img\n                    title=\"hollerung_60_140907_n-35-of-53\"\n                    alt=\"hollerung_60_140907_n-35-of-53\"\n                    src=\"https:\/\/hollerung.hu\/wp-content\/gallery\/hollerung-60\/thumbs\/thumbs_hollerung_60_140907_n-35-of-53.jpg\"\n                    width=\"250\"\n                    height=\"200\"\n                    style=\"max-width:100%;\"\n                \/>\n            <\/a>\n        <\/div>\n\t\t\t\t\t\t\t<\/div> \n\t\t\t\n\t\t\t\t<div id=\"ngg-image-9\" class=\"ngg-gallery-thumbnail-box \" >\n\t\t\t\t        <div class=\"ngg-gallery-thumbnail\">\n            <a href=\"https:\/\/hollerung.hu\/wp-content\/gallery\/hollerung-60\/10475964_864981756847930_2342179162566950149_o.jpg\"\n               title=\"\"\n               data-src=\"https:\/\/hollerung.hu\/wp-content\/gallery\/hollerung-60\/10475964_864981756847930_2342179162566950149_o.jpg\"\n               data-thumbnail=\"https:\/\/hollerung.hu\/wp-content\/gallery\/hollerung-60\/thumbs\/thumbs_10475964_864981756847930_2342179162566950149_o.jpg\"\n               data-image-id=\"241\"\n               data-title=\"10475964_864981756847930_2342179162566950149_o\"\n               data-description=\"\"\n               data-image-slug=\"image\"\n               class=\"shutterset_77c13d755c37f7724beb1e255d2644b2\">\n                <img\n                    title=\"10475964_864981756847930_2342179162566950149_o\"\n                    alt=\"10475964_864981756847930_2342179162566950149_o\"\n                    src=\"https:\/\/hollerung.hu\/wp-content\/gallery\/hollerung-60\/thumbs\/thumbs_10475964_864981756847930_2342179162566950149_o.jpg\"\n                    width=\"250\"\n                    height=\"200\"\n                    style=\"max-width:100%;\"\n                \/>\n            <\/a>\n        <\/div>\n\t\t\t\t\t\t\t<\/div> \n\t\t\t\n\t\t\t\t<div id=\"ngg-image-10\" class=\"ngg-gallery-thumbnail-box \" >\n\t\t\t\t        <div class=\"ngg-gallery-thumbnail\">\n            <a href=\"https:\/\/hollerung.hu\/wp-content\/gallery\/hollerung-60\/10633910_864981850181254_8604507810922719928_o.jpg\"\n               title=\"\"\n               data-src=\"https:\/\/hollerung.hu\/wp-content\/gallery\/hollerung-60\/10633910_864981850181254_8604507810922719928_o.jpg\"\n               data-thumbnail=\"https:\/\/hollerung.hu\/wp-content\/gallery\/hollerung-60\/thumbs\/thumbs_10633910_864981850181254_8604507810922719928_o.jpg\"\n               data-image-id=\"243\"\n               data-title=\"10633910_864981850181254_8604507810922719928_o\"\n               data-description=\"\"\n               data-image-slug=\"image-3\"\n               class=\"shutterset_77c13d755c37f7724beb1e255d2644b2\">\n                <img\n                    title=\"10633910_864981850181254_8604507810922719928_o\"\n                    alt=\"10633910_864981850181254_8604507810922719928_o\"\n                    src=\"https:\/\/hollerung.hu\/wp-content\/gallery\/hollerung-60\/thumbs\/thumbs_10633910_864981850181254_8604507810922719928_o.jpg\"\n                    width=\"250\"\n                    height=\"200\"\n                    style=\"max-width:100%;\"\n                \/>\n            <\/a>\n        <\/div>\n\t\t\t\t\t\t\t<\/div> \n\t\t\t\n\t\t\t\t<div id=\"ngg-image-11\" class=\"ngg-gallery-thumbnail-box \" >\n\t\t\t\t        <div class=\"ngg-gallery-thumbnail\">\n            <a href=\"https:\/\/hollerung.hu\/wp-content\/gallery\/hollerung-60\/10682447_864982036847902_2949182711183009534_o.jpg\"\n               title=\"\"\n               data-src=\"https:\/\/hollerung.hu\/wp-content\/gallery\/hollerung-60\/10682447_864982036847902_2949182711183009534_o.jpg\"\n               data-thumbnail=\"https:\/\/hollerung.hu\/wp-content\/gallery\/hollerung-60\/thumbs\/thumbs_10682447_864982036847902_2949182711183009534_o.jpg\"\n               data-image-id=\"244\"\n               data-title=\"10682447_864982036847902_2949182711183009534_o\"\n               data-description=\"\"\n               data-image-slug=\"image-4\"\n               class=\"shutterset_77c13d755c37f7724beb1e255d2644b2\">\n                <img\n                    title=\"10682447_864982036847902_2949182711183009534_o\"\n                    alt=\"10682447_864982036847902_2949182711183009534_o\"\n                    src=\"https:\/\/hollerung.hu\/wp-content\/gallery\/hollerung-60\/thumbs\/thumbs_10682447_864982036847902_2949182711183009534_o.jpg\"\n                    width=\"250\"\n                    height=\"200\"\n                    style=\"max-width:100%;\"\n                \/>\n            <\/a>\n        <\/div>\n\t\t\t\t\t\t\t<\/div> \n\t\t\t\n\t\t\t\t<div id=\"ngg-image-12\" class=\"ngg-gallery-thumbnail-box \" >\n\t\t\t\t        <div class=\"ngg-gallery-thumbnail\">\n            <a href=\"https:\/\/hollerung.hu\/wp-content\/gallery\/hollerung-60\/hollerung_60_140907_n-48-of-53.jpg\"\n               title=\"\"\n               data-src=\"https:\/\/hollerung.hu\/wp-content\/gallery\/hollerung-60\/hollerung_60_140907_n-48-of-53.jpg\"\n               data-thumbnail=\"https:\/\/hollerung.hu\/wp-content\/gallery\/hollerung-60\/thumbs\/thumbs_hollerung_60_140907_n-48-of-53.jpg\"\n               data-image-id=\"248\"\n               data-title=\"hollerung_60_140907_n-48-of-53\"\n               data-description=\"\"\n               data-image-slug=\"image-7\"\n               class=\"shutterset_77c13d755c37f7724beb1e255d2644b2\">\n                <img\n                    title=\"hollerung_60_140907_n-48-of-53\"\n                    alt=\"hollerung_60_140907_n-48-of-53\"\n                    src=\"https:\/\/hollerung.hu\/wp-content\/gallery\/hollerung-60\/thumbs\/thumbs_hollerung_60_140907_n-48-of-53.jpg\"\n                    width=\"250\"\n                    height=\"200\"\n                    style=\"max-width:100%;\"\n                \/>\n            <\/a>\n        <\/div>\n\t\t\t\t\t\t\t<\/div> \n\t\t\t\n\t\t\t\t<div id=\"ngg-image-13\" class=\"ngg-gallery-thumbnail-box \" >\n\t\t\t\t        <div class=\"ngg-gallery-thumbnail\">\n            <a href=\"https:\/\/hollerung.hu\/wp-content\/gallery\/hollerung-60\/image-384.jpg\"\n               title=\"\"\n               data-src=\"https:\/\/hollerung.hu\/wp-content\/gallery\/hollerung-60\/image-384.jpg\"\n               data-thumbnail=\"https:\/\/hollerung.hu\/wp-content\/gallery\/hollerung-60\/thumbs\/thumbs_image-384.jpg\"\n               data-image-id=\"253\"\n               data-title=\"image-384\"\n               data-description=\"\"\n               data-image-slug=\"image-12\"\n               class=\"shutterset_77c13d755c37f7724beb1e255d2644b2\">\n                <img\n                    title=\"image-384\"\n                    alt=\"image-384\"\n                    src=\"https:\/\/hollerung.hu\/wp-content\/gallery\/hollerung-60\/thumbs\/thumbs_image-384.jpg\"\n                    width=\"250\"\n                    height=\"200\"\n                    style=\"max-width:100%;\"\n                \/>\n            <\/a>\n        <\/div>\n\t\t\t\t\t\t\t<\/div> \n\t\t\t\n\t\t\t\t<div id=\"ngg-image-14\" class=\"ngg-gallery-thumbnail-box \" >\n\t\t\t\t        <div class=\"ngg-gallery-thumbnail\">\n            <a href=\"https:\/\/hollerung.hu\/wp-content\/gallery\/hollerung-60\/image-393.jpg\"\n               title=\"\"\n               data-src=\"https:\/\/hollerung.hu\/wp-content\/gallery\/hollerung-60\/image-393.jpg\"\n               data-thumbnail=\"https:\/\/hollerung.hu\/wp-content\/gallery\/hollerung-60\/thumbs\/thumbs_image-393.jpg\"\n               data-image-id=\"254\"\n               data-title=\"image-393\"\n               data-description=\"\"\n               data-image-slug=\"image-13\"\n               class=\"shutterset_77c13d755c37f7724beb1e255d2644b2\">\n                <img\n                    title=\"image-393\"\n                    alt=\"image-393\"\n                    src=\"https:\/\/hollerung.hu\/wp-content\/gallery\/hollerung-60\/thumbs\/thumbs_image-393.jpg\"\n                    width=\"250\"\n                    height=\"200\"\n                    style=\"max-width:100%;\"\n                \/>\n            <\/a>\n        <\/div>\n\t\t\t\t\t\t\t<\/div> \n\t\t\t\n\t\t\t\t<div id=\"ngg-image-15\" class=\"ngg-gallery-thumbnail-box \" >\n\t\t\t\t        <div class=\"ngg-gallery-thumbnail\">\n            <a href=\"https:\/\/hollerung.hu\/wp-content\/gallery\/hollerung-60\/image-401.jpg\"\n               title=\"\"\n               data-src=\"https:\/\/hollerung.hu\/wp-content\/gallery\/hollerung-60\/image-401.jpg\"\n               data-thumbnail=\"https:\/\/hollerung.hu\/wp-content\/gallery\/hollerung-60\/thumbs\/thumbs_image-401.jpg\"\n               data-image-id=\"255\"\n               data-title=\"image-401\"\n               data-description=\"\"\n               data-image-slug=\"image-14\"\n               class=\"shutterset_77c13d755c37f7724beb1e255d2644b2\">\n                <img\n                    title=\"image-401\"\n                    alt=\"image-401\"\n                    src=\"https:\/\/hollerung.hu\/wp-content\/gallery\/hollerung-60\/thumbs\/thumbs_image-401.jpg\"\n                    width=\"250\"\n                    height=\"200\"\n                    style=\"max-width:100%;\"\n                \/>\n            <\/a>\n        <\/div>\n\t\t\t\t\t\t\t<\/div> \n\t\t\t\n\t\n\t<br style=\"clear: both\" \/>\n\n\t\n\t\t<!-- Pagination -->\n\t<div class='ngg-clear'><\/div>\t<\/div>\n<\/p>\n<div id=\"themify_builder_content-1583\" data-postid=\"1583\" class=\"themify_builder_content themify_builder_content-1583 themify_builder themify_builder_front\">\n\n\t<\/div>\n<!-- \/themify_builder_content -->","protected":false},"excerpt":{"rendered":"<p>Palace of Arts, Budapest, 7 September 2014 Bart\u00f3k: Concerto Beethoven: Symphony No.9 Cec\u00edlia Lloyd &#8211; soprano L\u00facia Megyesi Schwartz &#8211; alto Zolt\u00e1n Ny\u00e1ri &#8211; tenor P\u00e9ter K\u00e1lm\u00e1n &#8211; bass Former and present members of the Budapest Academic Choral Society Dohn\u00e1nyi Orchestra Budafok Conducted by G\u00e1bor Hollerung Photos: Tibor Lengyel, \u00c1lmos P\u00e9ter<\/p>\n","protected":false},"author":1,"featured_media":0,"parent":11,"menu_order":0,"comment_status":"closed","ping_status":"closed","template":"","meta":{"ngg_post_thumbnail":0},"_links":{"self":[{"href":"https:\/\/hollerung.hu\/en\/wp-json\/wp\/v2\/pages\/1583"}],"collection":[{"href":"https:\/\/hollerung.hu\/en\/wp-json\/wp\/v2\/pages"}],"about":[{"href":"https:\/\/hollerung.hu\/en\/wp-json\/wp\/v2\/types\/page"}],"author":[{"embeddable":true,"href":"https:\/\/hollerung.hu\/en\/wp-json\/wp\/v2\/users\/1"}],"replies":[{"embeddable":true,"href":"https:\/\/hollerung.hu\/en\/wp-json\/wp\/v2\/comments?post=1583"}],"version-history":[{"count":1,"href":"https:\/\/hollerung.hu\/en\/wp-json\/wp\/v2\/pages\/1583\/revisions"}],"predecessor-version":[{"id":1584,"href":"https:\/\/hollerung.hu\/en\/wp-json\/wp\/v2\/pages\/1583\/revisions\/1584"}],"up":[{"embeddable":true,"href":"https:\/\/hollerung.hu\/en\/wp-json\/wp\/v2\/pages\/11"}],"wp:attachment":[{"href":"https:\/\/hollerung.hu\/en\/wp-json\/wp\/v2\/media?parent=1583"}],"curies":[{"name":"wp","href":"https:\/\/api.w.org\/{rel}","templated":true}]}}