{"id":1403,"date":"2015-12-29T16:35:48","date_gmt":"2015-12-29T16:35:48","guid":{"rendered":"http:\/\/hollerung.hu\/?page_id=1403"},"modified":"2015-12-29T18:52:22","modified_gmt":"2015-12-29T18:52:22","slug":"hg","status":"publish","type":"page","link":"https:\/\/hollerung.hu\/en\/hg\/","title":{"rendered":"GH"},"content":{"rendered":"<div id=\"themify_builder_content-1403\" data-postid=\"1403\" class=\"themify_builder_content themify_builder_content-1403 themify_builder themify_builder_front\">\n\n\t\t\t\t<!-- module_row -->\n\t\t\t<div  data-gutter=\"gutter-none\" class=\"themify_builder_row themify_builder_1403_row module_row module_row_0 module_row_1403-0 clearfix gutter-none tb_section-HG fullwidth fullheight\" data-column-alignment=\"\" data-anchor=\"HG\">\n\n\t\t\n\t\t\t\t\n\t\t\t\t<div class=\"row_inner_wrapper\">\n\t\t\t\t\t<div class=\"row_inner\">\n\n\t\t\t\t\t\t\n\t\t\t\t\t\t\n\t\t\t\t\t\t\t\n\t\t<div  class=\"col4-2 first tb-column  tb_1403_column module_column_0 module_column_1403-0-0 module_column fullcover\" >\n\n\t\t\t\n\t\t\t\n\t\t\t<div class=\"tb-column-inner\">\n\n\t\t\t\t\n\t\t\t\t\n\t\t\t\t\t\n<!-- module text -->\n<div id=\"text-1403-0-0-1\" class=\"module module-text text-1403-0-0-1   \">\n\t\n\t\n\t\n\t<\/div>\n<!-- \/module text -->\n\n\t\t\t\t\n\t\t\t<\/div><!-- \/.tb-column-inner -->\n\t\t\t\t\t<\/div>\n\t\t<!-- \/.tb-column -->\n\t\t\n\t\t\n\t\t<div  class=\"col4-2 last tb-column  tb_1403_column module_column_1 module_column_1403-0-1 module_column\" >\n\n\t\t\t\n\t\t\t\n\t\t\t<div class=\"tb-column-inner\">\n\n\t\t\t\t\n<!-- .themify_builder .module_column_1403-0-1 Style -->\n<style type=\"text\/css\" >\n.themify_builder .module_column_1403-0-1.module_column {\n\tbackground-color: #a9987a\n}\n<\/style>\n<!-- End .themify_builder .module_column_1403-0-1 Style -->\n\n\t\t\t\t\n\t\t\t\t\t\n<!-- module text -->\n<div id=\"text-1403-0-1-1\" class=\"module module-text text-1403-0-1-1   \">\n\t\n\t\n\t<h3><span style=\"color: #ffffff;\">HOLLERUNG G\u00c1BOR<\/span><\/h3>\n\t<\/div>\n<!-- \/module text --><style type=\"text\/css\">.themify_builder .text-1403-0-1-1.module-text { font-family: Montserrat; text-align: center;  } \n.themify_builder .text-1403-0-1-1.module-text h1 { font-family: Montserrat;  } \n.themify_builder .text-1403-0-1-1.module-text h2 { font-family: Montserrat;  } \n.themify_builder .text-1403-0-1-1.module-text h3:not(.module-title) { font-family: Montserrat;  } \n.themify_builder .text-1403-0-1-1.module-text h4 { font-family: Montserrat;  } \n.themify_builder .text-1403-0-1-1.module-text h5 { font-family: Montserrat;  } \n.themify_builder .text-1403-0-1-1.module-text h6 { font-family: Montserrat;  } \n<\/style>\n\n\t\t\t\t\n\t\t\t<\/div><!-- \/.tb-column-inner -->\n\t\t\t\t\t<\/div>\n\t\t<!-- \/.tb-column -->\n\t\t\n\t\t\n\t\t\t\t\t\t\t\t\n\t\t\t\t\t\t\t\t\n\t\t\t\t\t\t\t\n\t\t\t\t\t\t<\/div>\n\t\t\t\t\t\t<!-- \/row_inner -->\n\t\t\t\t\t<\/div>\n\t\t\t\t\t<!-- \/row_inner_wrapper -->\n\t\t\t\t<\/div>\n\t\t\t\t<!-- \/module_row -->\n\t\t\t\t\t<!-- module_row -->\n\t\t\t<div  data-gutter=\"gutter-none\" class=\"themify_builder_row themify_builder_1403_row module_row module_row_1 module_row_1403-1 clearfix gutter-none tb_section-BDZ fullwidth fullheight\" data-column-alignment=\"\" data-anchor=\"BDZ\">\n\n\t\t\n\t\t\t\t\n\t\t\t\t<div class=\"row_inner_wrapper\">\n\t\t\t\t\t<div class=\"row_inner\">\n\n\t\t\t\t\t\t\n\t\t\t\t\t\t\n\t\t\t\t\t\t\t\n\t\t<div  class=\"col4-2 first tb-column  tb_1403_column module_column_0 module_column_1403-1-0 module_column fullcover\" >\n\n\t\t\t\n\t\t\t\n\t\t\t<div class=\"tb-column-inner\">\n\n\t\t\t\t\n<!-- .themify_builder .module_column_1403-1-0 Style -->\n<style type=\"text\/css\" >\n.themify_builder .module_column_1403-1-0.module_column {\n\tbackground-image: url(https:\/\/hollerung.hu\/wp-content\/uploads\/2011\/09\/akademia2.jpg)\n}\n<\/style>\n<!-- End .themify_builder .module_column_1403-1-0 Style -->\n\n\t\t\t\t\n\t\t\t\t\t\n<!-- module text -->\n<div id=\"text-1403-1-0-1\" class=\"module module-text text-1403-1-0-1   \">\n\t\n\t\n\t\n\t<\/div>\n<!-- \/module text -->\n\n\t\t\t\t\n\t\t\t<\/div><!-- \/.tb-column-inner -->\n\t\t\t\t\t<\/div>\n\t\t<!-- \/.tb-column -->\n\t\t\n\t\t\n\t\t<div  class=\"col4-2 last tb-column  tb_1403_column module_column_1 module_column_1403-1-1 module_column\" >\n\n\t\t\t\n\t\t\t\n\t\t\t<div class=\"tb-column-inner\">\n\n\t\t\t\t\n<!-- .themify_builder .module_column_1403-1-1 Style -->\n<style type=\"text\/css\" >\n.themify_builder .module_column_1403-1-1.module_column {\n\tbackground-color: #a9987a\n}\n<\/style>\n<!-- End .themify_builder .module_column_1403-1-1 Style -->\n\n\t\t\t\t\n\t\t\t\t\t\n<!-- module text -->\n<div id=\"text-1403-1-1-1\" class=\"module module-text text-1403-1-1-1   \">\n\t\n\t\n\t<h1 class=\"page-title\"><span style=\"color: #ffffff;\">Budafoki Dohn\u00e1nyi Zenekar<\/span><\/h1><div class=\"page-content entry-content\"><p><span style=\"color: #ffffff;\">A Budafoki Dohn\u00e1nyi Ern\u0151 Szimfonikus Zenekarnak, Magyarorsz\u00e1g egyik legfiatalabb hivat\u00e1sos zenekar\u00e1nak\u00a01989-ben lett a vezet\u0151je.\u00a0Hollerung G\u00e1bor az akkor m\u00e9g ifj\u00fas\u00e1gi zenekart n\u00e9h\u00e1ny \u00e9v alatt professzion\u00e1lis sz\u00ednvonal\u00fa egy\u00fcttess\u00e9 fejlesztette, amely m\u00e1r a magyar zenei \u00e9let egyik meghat\u00e1roz\u00f3 zenekara.<\/span><\/p><p><span style=\"color: #ffffff;\">A <em>Budafoki Dohn\u00e1nyi Zenekar<\/em> Magyarorsz\u00e1g egyik legfiatalabb hivat\u00e1sos zenekara, mind az egy\u00fcttes, mind pedig a zenekari tagok kor\u00e1t tekintve. A fenntart\u00f3 Budafok-T\u00e9t\u00e9ny Budapest XXII. Ker\u00fclet \u00d6nkorm\u00e1nyzata j\u00f3volt\u00e1b\u00f3l 1993. \u00f3ta hivat\u00e1sos egy\u00fcttes tagjainak \u00e1tlag\u00e9letkora m\u00e9g ma is kevesebb, mint 30 \u00e9v. A zenekar r\u00f6vid id\u0151 alatt el\u0151kel\u0151 helyet v\u00edvott ki mag\u00e1nak a magyar zenei \u00e9letben, az elm\u00falt \u00e9vekben hatalmas sikerrel szerepelt k\u00fclf\u00f6ld\u00f6n is \u2013 t\u00f6bbek k\u00f6z\u00f6tt Spanyolorsz\u00e1gban, Franciaorsz\u00e1gban, Olaszorsz\u00e1gban, N\u00e9metorsz\u00e1gban, \u00e9s Sv\u00e1jcban.<\/span><\/p><\/div>\n\t<\/div>\n<!-- \/module text --><style type=\"text\/css\">.themify_builder .text-1403-1-1-1.module-text { font-family: Montserrat; text-align: center; padding-top: 20px; padding-right: 50px; padding-bottom: 20px; padding-left: 40px;  } \n.themify_builder .text-1403-1-1-1.module-text h1 { font-family: Montserrat;  } \n.themify_builder .text-1403-1-1-1.module-text h2 { font-family: Montserrat;  } \n.themify_builder .text-1403-1-1-1.module-text h3:not(.module-title) { font-family: Montserrat;  } \n.themify_builder .text-1403-1-1-1.module-text h4 { font-family: Montserrat;  } \n.themify_builder .text-1403-1-1-1.module-text h5 { font-family: Montserrat;  } \n.themify_builder .text-1403-1-1-1.module-text h6 { font-family: Montserrat;  } \n<\/style>\n\n\t\t\t\t\n\t\t\t<\/div><!-- \/.tb-column-inner -->\n\t\t\t\t\t<\/div>\n\t\t<!-- \/.tb-column -->\n\t\t\n\t\t\n\t\t\t\t\t\t\t\t\n\t\t\t\t\t\t\t\t\n\t\t\t\t\t\t\t\n\t\t\t\t\t\t<\/div>\n\t\t\t\t\t\t<!-- \/row_inner -->\n\t\t\t\t\t<\/div>\n\t\t\t\t\t<!-- \/row_inner_wrapper -->\n\t\t\t\t<\/div>\n\t\t\t\t<!-- \/module_row -->\n\t\t\t\t\t<!-- module_row -->\n\t\t\t<div  data-gutter=\"gutter-none\" class=\"themify_builder_row themify_builder_1403_row module_row module_row_2 module_row_1403-2 clearfix gutter-none tb_section-DA fullwidth fullheight\" data-column-alignment=\"\" data-anchor=\"DA\">\n\n\t\t\n\t\t\t\t\n\t\t\t\t<div class=\"row_inner_wrapper\">\n\t\t\t\t\t<div class=\"row_inner\">\n\n\t\t\t\t\t\t\n\t\t\t\t\t\t\n\t\t\t\t\t\t\t\n\t\t<div  class=\"col4-2 first tb-column  tb_1403_column module_column_0 module_column_1403-2-0 module_column fullcover\" >\n\n\t\t\t\n\t\t\t\n\t\t\t<div class=\"tb-column-inner\">\n\n\t\t\t\t\n<!-- .themify_builder .module_column_1403-2-0 Style -->\n<style type=\"text\/css\" >\n.themify_builder .module_column_1403-2-0.module_column {\n\tbackground-color: #d6a04f\n}\n<\/style>\n<!-- End .themify_builder .module_column_1403-2-0 Style -->\n\n\t\t\t\t\n\t\t\t\t\t\n<!-- module text -->\n<div id=\"text-1403-2-0-1\" class=\"module module-text text-1403-2-0-1   \">\n\t\n\t\n\t<h1 class=\"page-title\"><span style=\"color: #ffffff;\">Dohnanyi Academy<\/span><\/h1><div class=\"page-content entry-content\"><p><span style=\"color: #ffffff;\">Ern\u0151 Dohn\u00e1nyi was one of the greatest poeta doctuses in the 20th century: a composer, conductor, pianist and teacher with immense professional knowledge. The orchestra bearing his name is one of the top European orchestras: once taking in youngsters, college students and career starting musicians, the ensemble has since become a high quality orchestra, combining musical and human values. The orchestra has since its start been aimed at promoting young musicians in starting their career, and the Academy intends to help achieve this objective: as these young artists play in an orchestra, they can master the knowledge whereby they can become successful orchestra musicians. A special forum is planned to be created for young soloists, additionally, a conductors\u2019 course will be held for young conductors. These courses will not only grant a one-off opportunity for extended training but facilitate long-term cooperation with Dohn\u00e1nyi Orchestra, Budafok as an orchestra musician, soloist and conductor.<\/span><\/p><\/div>\n\t<\/div>\n<!-- \/module text --><style type=\"text\/css\">.themify_builder .text-1403-2-0-1.module-text { background-color: #d6a04f; padding-top: 20px; padding-right: 50px; padding-bottom: 20px; padding-left: 50px;  } \n<\/style>\n\n\t\t\t\t\n\t\t\t<\/div><!-- \/.tb-column-inner -->\n\t\t\t\t\t<\/div>\n\t\t<!-- \/.tb-column -->\n\t\t\n\t\t\n\t\t<div  class=\"col4-2 last tb-column  tb_1403_column module_column_1 module_column_1403-2-1 module_column\" >\n\n\t\t\t\n\t\t\t\n\t\t\t<div class=\"tb-column-inner\">\n\n\t\t\t\t\n<!-- .themify_builder .module_column_1403-2-1 Style -->\n<style type=\"text\/css\" >\n.themify_builder .module_column_1403-2-1.module_column {\n\tbackground-image: url(https:\/\/hollerung.hu\/wp-content\/uploads\/2011\/09\/bdz2.jpg);\n\tbackground-color: #a9987a\n}\n<\/style>\n<!-- End .themify_builder .module_column_1403-2-1 Style -->\n\n\t\t\t\t\n\t\t\t\t\t\n<!-- module text -->\n<div id=\"text-1403-2-1-1\" class=\"module module-text text-1403-2-1-1   \">\n\t\n\t\n\t\n\t<\/div>\n<!-- \/module text --><style type=\"text\/css\">.themify_builder .text-1403-2-1-1.module-text { font-family: Montserrat; text-align: center; padding-top: 20px; padding-right: 50px; padding-bottom: 20px; padding-left: 40px;  } \n.themify_builder .text-1403-2-1-1.module-text h1 { font-family: Montserrat;  } \n.themify_builder .text-1403-2-1-1.module-text h2 { font-family: Montserrat;  } \n.themify_builder .text-1403-2-1-1.module-text h3:not(.module-title) { font-family: Montserrat;  } \n.themify_builder .text-1403-2-1-1.module-text h4 { font-family: Montserrat;  } \n.themify_builder .text-1403-2-1-1.module-text h5 { font-family: Montserrat;  } \n.themify_builder .text-1403-2-1-1.module-text h6 { font-family: Montserrat;  } \n<\/style>\n\n\t\t\t\t\n\t\t\t<\/div><!-- \/.tb-column-inner -->\n\t\t\t\t\t<\/div>\n\t\t<!-- \/.tb-column -->\n\t\t\n\t\t\n\t\t\t\t\t\t\t\t\n\t\t\t\t\t\t\t\t\n\t\t\t\t\t\t\t\n\t\t\t\t\t\t<\/div>\n\t\t\t\t\t\t<!-- \/row_inner -->\n\t\t\t\t\t<\/div>\n\t\t\t\t\t<!-- \/row_inner_wrapper -->\n\t\t\t\t<\/div>\n\t\t\t\t<!-- \/module_row -->\n\t\t\t\t\t<!-- module_row -->\n\t\t\t<div  data-gutter=\"gutter-none\" class=\"themify_builder_row themify_builder_1403_row module_row module_row_3 module_row_1403-3 clearfix gutter-none tb_section-BAK fullwidth fullheight\" data-column-alignment=\"\" data-anchor=\"BAK\">\n\n\t\t\n\t\t\t\t\n\t\t\t\t<div class=\"row_inner_wrapper\">\n\t\t\t\t\t<div class=\"row_inner\">\n\n\t\t\t\t\t\t\n\t\t\t\t\t\t\n\t\t\t\t\t\t\t\n\t\t<div  class=\"col4-2 first tb-column  tb_1403_column module_column_0 module_column_1403-3-0 module_column fullcover\" >\n\n\t\t\t\n\t\t\t\n\t\t\t<div class=\"tb-column-inner\">\n\n\t\t\t\t\n<!-- .themify_builder .module_column_1403-3-0 Style -->\n<style type=\"text\/css\" >\n.themify_builder .module_column_1403-3-0.module_column {\n\tbackground-image: url(https:\/\/hollerung.hu\/wp-content\/uploads\/2011\/09\/akademia2.jpg)\n}\n<\/style>\n<!-- End .themify_builder .module_column_1403-3-0 Style -->\n\n\t\t\t\t\n\t\t\t\t\t\n<!-- module text -->\n<div id=\"text-1403-3-0-1\" class=\"module module-text text-1403-3-0-1   \">\n\t\n\t\n\t\n\t<\/div>\n<!-- \/module text -->\n\n\t\t\t\t\n\t\t\t<\/div><!-- \/.tb-column-inner -->\n\t\t\t\t\t<\/div>\n\t\t<!-- \/.tb-column -->\n\t\t\n\t\t\n\t\t<div  class=\"col4-2 last tb-column  tb_1403_column module_column_1 module_column_1403-3-1 module_column\" >\n\n\t\t\t\n\t\t\t\n\t\t\t<div class=\"tb-column-inner\">\n\n\t\t\t\t\n<!-- .themify_builder .module_column_1403-3-1 Style -->\n<style type=\"text\/css\" >\n.themify_builder .module_column_1403-3-1.module_column {\n\tbackground-color: #a9987a\n}\n<\/style>\n<!-- End .themify_builder .module_column_1403-3-1 Style -->\n\n\t\t\t\t\n\t\t\t\t\t\n<!-- module text -->\n<div id=\"text-1403-3-1-1\" class=\"module module-text text-1403-3-1-1   \">\n\t\n\t\n\t<h1 class=\"page-title\"><span style=\"color: #ffffff;\">Budafoki Dohn\u00e1nyi Zenekar<\/span><\/h1><div class=\"page-content entry-content\"><p><span style=\"color: #ffffff;\">A Budafoki Dohn\u00e1nyi Ern\u0151 Szimfonikus Zenekarnak, Magyarorsz\u00e1g egyik legfiatalabb hivat\u00e1sos zenekar\u00e1nak\u00a01989-ben lett a vezet\u0151je.\u00a0Hollerung G\u00e1bor az akkor m\u00e9g ifj\u00fas\u00e1gi zenekart n\u00e9h\u00e1ny \u00e9v alatt professzion\u00e1lis sz\u00ednvonal\u00fa egy\u00fcttess\u00e9 fejlesztette, amely m\u00e1r a magyar zenei \u00e9let egyik meghat\u00e1roz\u00f3 zenekara.<\/span><\/p><p><span style=\"color: #ffffff;\">A <em>Budafoki Dohn\u00e1nyi Zenekar<\/em> Magyarorsz\u00e1g egyik legfiatalabb hivat\u00e1sos zenekara, mind az egy\u00fcttes, mind pedig a zenekari tagok kor\u00e1t tekintve. A fenntart\u00f3 Budafok-T\u00e9t\u00e9ny Budapest XXII. Ker\u00fclet \u00d6nkorm\u00e1nyzata j\u00f3volt\u00e1b\u00f3l 1993. \u00f3ta hivat\u00e1sos egy\u00fcttes tagjainak \u00e1tlag\u00e9letkora m\u00e9g ma is kevesebb, mint 30 \u00e9v. A zenekar r\u00f6vid id\u0151 alatt el\u0151kel\u0151 helyet v\u00edvott ki mag\u00e1nak a magyar zenei \u00e9letben, az elm\u00falt \u00e9vekben hatalmas sikerrel szerepelt k\u00fclf\u00f6ld\u00f6n is \u2013 t\u00f6bbek k\u00f6z\u00f6tt Spanyolorsz\u00e1gban, Franciaorsz\u00e1gban, Olaszorsz\u00e1gban, N\u00e9metorsz\u00e1gban, \u00e9s Sv\u00e1jcban.<\/span><\/p><\/div>\n\t<\/div>\n<!-- \/module text --><style type=\"text\/css\">.themify_builder .text-1403-3-1-1.module-text { font-family: Montserrat; text-align: center; padding-top: 20px; padding-right: 50px; padding-bottom: 20px; padding-left: 40px;  } \n.themify_builder .text-1403-3-1-1.module-text h1 { font-family: Montserrat;  } \n.themify_builder .text-1403-3-1-1.module-text h2 { font-family: Montserrat;  } \n.themify_builder .text-1403-3-1-1.module-text h3:not(.module-title) { font-family: Montserrat;  } \n.themify_builder .text-1403-3-1-1.module-text h4 { font-family: Montserrat;  } \n.themify_builder .text-1403-3-1-1.module-text h5 { font-family: Montserrat;  } \n.themify_builder .text-1403-3-1-1.module-text h6 { font-family: Montserrat;  } \n<\/style>\n\n\t\t\t\t\n\t\t\t<\/div><!-- \/.tb-column-inner -->\n\t\t\t\t\t<\/div>\n\t\t<!-- \/.tb-column -->\n\t\t\n\t\t\n\t\t\t\t\t\t\t\t\n\t\t\t\t\t\t\t\t\n\t\t\t\t\t\t\t\n\t\t\t\t\t\t<\/div>\n\t\t\t\t\t\t<!-- \/row_inner -->\n\t\t\t\t\t<\/div>\n\t\t\t\t\t<!-- \/row_inner_wrapper -->\n\t\t\t\t<\/div>\n\t\t\t\t<!-- \/module_row -->\n\t\t<\/div>\n<!-- \/themify_builder_content -->","protected":false},"excerpt":{"rendered":"<p>HOLLERUNG G\u00c1BOR<\/p>\n","protected":false},"author":1,"featured_media":0,"parent":0,"menu_order":0,"comment_status":"closed","ping_status":"closed","template":"","meta":{"ngg_post_thumbnail":0},"_links":{"self":[{"href":"https:\/\/hollerung.hu\/en\/wp-json\/wp\/v2\/pages\/1403"}],"collection":[{"href":"https:\/\/hollerung.hu\/en\/wp-json\/wp\/v2\/pages"}],"about":[{"href":"https:\/\/hollerung.hu\/en\/wp-json\/wp\/v2\/types\/page"}],"author":[{"embeddable":true,"href":"https:\/\/hollerung.hu\/en\/wp-json\/wp\/v2\/users\/1"}],"replies":[{"embeddable":true,"href":"https:\/\/hollerung.hu\/en\/wp-json\/wp\/v2\/comments?post=1403"}],"version-history":[{"count":1,"href":"https:\/\/hollerung.hu\/en\/wp-json\/wp\/v2\/pages\/1403\/revisions"}],"predecessor-version":[{"id":1404,"href":"https:\/\/hollerung.hu\/en\/wp-json\/wp\/v2\/pages\/1403\/revisions\/1404"}],"wp:attachment":[{"href":"https:\/\/hollerung.hu\/en\/wp-json\/wp\/v2\/media?parent=1403"}],"curies":[{"name":"wp","href":"https:\/\/api.w.org\/{rel}","templated":true}]}}