{"id":1212,"date":"2015-12-26T12:14:10","date_gmt":"2015-12-26T12:14:10","guid":{"rendered":"http:\/\/hollerung.hu\/?page_id=1212"},"modified":"2021-02-17T13:14:25","modified_gmt":"2021-02-17T13:14:25","slug":"bemutatkozas","status":"publish","type":"page","link":"https:\/\/hollerung.hu\/en\/bemutatkozas\/","title":{"rendered":"G\u00e1bor Hollerung"},"content":{"rendered":"<p><img loading=\"lazy\" class=\"alignnone size-full wp-image-1582\" src=\"http:\/\/hollerung.hu\/wp-content\/uploads\/2015\/12\/hollerung.jpg\" alt=\"hollerung\" width=\"2000\" height=\"330\" srcset=\"https:\/\/hollerung.hu\/wp-content\/uploads\/2015\/12\/hollerung.jpg 2000w, https:\/\/hollerung.hu\/wp-content\/uploads\/2015\/12\/hollerung-300x50.jpg 300w, https:\/\/hollerung.hu\/wp-content\/uploads\/2015\/12\/hollerung-768x127.jpg 768w, https:\/\/hollerung.hu\/wp-content\/uploads\/2015\/12\/hollerung-1024x169.jpg 1024w\" sizes=\"(max-width: 2000px) 100vw, 2000px\" \/><\/p>\n<div class=\"pepepage\">\n<h1 class=\"page-title\">G\u00e1bor Hollerung<\/h1>\n<p>G\u00e1bor Hollerung (Budapest, 18 August 1954 \u2013) Liszt Ferenc Prize winning conductor, chorus master; Meritorious Artist of Hungary; Executive Music Director of Budafok Dohn\u00e1nyi Ern\u0151 Symphonic Orchestra; master conductor of Budapest Academic Choral Society; Arts Director of Zempl\u00e9n Festival; founder and Art Director of the Budapest International Choir Competition.<\/p>\n<p><img loading=\"lazy\" class=\"alignleft wp-image-2116 size-large\" title=\"Fot\u00f3: M\u00e9sz\u00e1ros Csaba\" src=\"https:\/\/hollerung.hu\/wp-content\/uploads\/2021\/02\/BDZ-Ujevi_FF-1220-Masolat-1024x682.jpg\" alt=\"\" width=\"1024\" height=\"682\" srcset=\"https:\/\/hollerung.hu\/wp-content\/uploads\/2021\/02\/BDZ-Ujevi_FF-1220-Masolat-1024x682.jpg 1024w, https:\/\/hollerung.hu\/wp-content\/uploads\/2021\/02\/BDZ-Ujevi_FF-1220-Masolat-300x200.jpg 300w, https:\/\/hollerung.hu\/wp-content\/uploads\/2021\/02\/BDZ-Ujevi_FF-1220-Masolat-768x512.jpg 768w, https:\/\/hollerung.hu\/wp-content\/uploads\/2021\/02\/BDZ-Ujevi_FF-1220-Masolat.jpg 1426w\" sizes=\"(max-width: 1024px) 100vw, 1024px\" \/><\/p>\n<p>&nbsp;<\/p>\n<p><strong>Studies<\/strong><\/p>\n<p>Studied at Liszt Ferenc College of Music, specialized as chorus master (1972-77) and conductor (1975-80).<\/p>\n<p>Here his professors were Zolt\u00e1n V\u00e1s\u00e1rhelyi, Istv\u00e1n P\u00e1rkai and Andr\u00e1s K\u00f3rodi. He did further training in master courses led by Eric Ericson (1975), Kurt Masur (1978) and L\u00e1szl\u00f3 Somogyi (1981).<\/p>\n<p><strong>Professional career<\/strong><\/p>\n<p>1979\u201381: second conductor of Miskolc Symphonic Orchestra<\/p>\n<p>1981\u201383: teacher of music theory, music history and choir conducting, leader of a women\u2019s choir at Janus Pannonius University of P\u00e9cs<\/p>\n<p>2001\u20132008: Music Director, later Art Director of Honv\u00e9d Ensemble<\/p>\n<p>1989\u20132000: master conductor of Budafok Dohn\u00e1nyi Orchestra; from 2001: Executive Music Director of Budafok Dohn\u00e1nyi Orchestra<\/p>\n<p>&nbsp;<\/p>\n<p>&nbsp;<\/p>\n<p><strong>Conducting activities<\/strong><\/p>\n<p><strong> In Hungary<\/strong><\/p>\n<p>1979\u201381: second conductor of Miskolc Symphonic Orchestra. Master conductor (since 1989), Executive Music Director (since 2001) of Budafok Dohn\u00e1nyi Orchestra. Conducted several Hungarian orchestras as guest conductor.<\/p>\n<p><strong>Abroad<\/strong><\/p>\n<p>2002\u20132005: first guest conductor of Jerusalem Symphony Orchestra.<\/p>\n<p>2002\u00ac2007: musical consultant for Philharmonia Singers, Tel Aviv. In addition to playing concerts with a great number of European orchestras, he has been guest conductor for Israel Philharmonic Orchestra, Cincinatti Symphony Orchestra, Brazilian Symphony Orchestra, Shanghai Symphony Orchestra, Guangzhou Symphony Orchestra and National Symphony Orchestra Taiwan.<\/p>\n<p><strong>Honours<\/strong><\/p>\n<ul>\n<li>Merited Artist of Hungary (2015)<\/li>\n<li>Jerusalem Award (2006)<\/li>\n<li>Liszt Prize (2004)<\/li>\n<li>Knight\u2019s Cross of the Order of Merit of the Republic of Hungary (2002)<\/li>\n<\/ul>\n<p><strong>Discography<\/strong><\/p>\n<ul>\n<li>Europ\u00e4ische Chormusik [European Choral Music] (TELDEC LP 1987)<\/li>\n<li>Carl Orff: Carmina Burana (CD 1995)<\/li>\n<li>Karai J\u00f3zsef K\u00f3rusm\u0171vei [J\u00f3zsef Karai\u2019s Choral Works] (HUNGAROTON CD 1996)<\/li>\n<li>Orchestral Fireworks (CD 1996)<\/li>\n<li>Happy New Millennium (CD 2000)<\/li>\n<li>The Jubilee Concerts \u2013 Kod\u00e1ly: Psalmus Hungaricus, Bart\u00f3k: Concerto (CD 2001)<\/li>\n<li>Happy New Year (CDs 2001\u20132009)<\/li>\n<li>Mendelssohn and Hoffmeister Male Choruses (CD 2003)<\/li>\n<li>Dvo\u0159\u00e1k: Symphony No. 8., Mozart: Haffner Symphony (CD 2004)<\/li>\n<li>Mozart: Requiem (CD 2005), with completions of Mozart\u2019s fragment by Tam\u00e1s P\u00e1ncz\u00e9l<\/li>\n<li>Ext\u00e1zis [Ecstasy] (CD 2008) (Stravinsky: Le Sacre du Printemps, Ravel: Bolero, P\u00e1ncz\u00e9l: Klezmer Suite, Piazzolla: Fuga y Misterio &amp; Libertango)<\/li>\n<li>Vajda: Choral Works (Hungaroton CD 2008)<\/li>\n<li>Madar\u00e1sz: Az utols\u00f3 kering\u0151 [The Last Waltz] \u2013 opera (Hungaroton CD 2009)<\/li>\n<li>Strauss: H\u0151si \u00e9let [A Hero\u2019s Life] (CD 2009)<\/li>\n<li>Dohn\u00e1nyi: II. Szimf\u00f3nia [Symphony No. 2] (CD 2010)<\/li>\n<li>Dohn\u00e1nyi 20 (Selection from the concert recordings of 20-year-old Budafok Dohn\u00e1nyi Orchestra) (CD 2013)<\/li>\n<li>Gy\u00f6ngy\u00f6si: I. szimf\u00f3nia [Symphony No. 1]; Istenk\u00e9p [Image of God] (Fidelio CD 2014)<\/li>\n<li>Beethoven: IX. Szimf\u00f3nia [Symphony No. 9] (CD 2014)<\/li>\n<li>Bart\u00f3k: Bluebeard\u2019s Castle (CD 2017)<\/li>\n<li>Dubrovay: The Complete Piano Concertos (CD 2017)<\/li>\n<li>John Williams: Harry Potter Suite (CD 2019)<\/li>\n<\/ul>\n<\/div>\n<p><\/p>\n<div id=\"themify_builder_content-1212\" data-postid=\"1212\" class=\"themify_builder_content themify_builder_content-1212 themify_builder themify_builder_front\">\n\n\t<\/div>\n<!-- \/themify_builder_content -->","protected":false},"excerpt":{"rendered":"<p>G\u00e1bor Hollerung G\u00e1bor Hollerung (Budapest, 18 August 1954 \u2013) Liszt Ferenc Prize winning conductor, chorus master; Meritorious Artist of Hungary; Executive Music Director of Budafok Dohn\u00e1nyi Ern\u0151 Symphonic Orchestra; master conductor of Budapest Academic Choral Society; Arts Director of Zempl\u00e9n Festival; founder and Art Director of the Budapest International Choir Competition. &nbsp; Studies Studied at [&hellip;]<\/p>\n","protected":false},"author":1,"featured_media":0,"parent":0,"menu_order":0,"comment_status":"closed","ping_status":"closed","template":"","meta":{"ngg_post_thumbnail":0},"_links":{"self":[{"href":"https:\/\/hollerung.hu\/en\/wp-json\/wp\/v2\/pages\/1212"}],"collection":[{"href":"https:\/\/hollerung.hu\/en\/wp-json\/wp\/v2\/pages"}],"about":[{"href":"https:\/\/hollerung.hu\/en\/wp-json\/wp\/v2\/types\/page"}],"author":[{"embeddable":true,"href":"https:\/\/hollerung.hu\/en\/wp-json\/wp\/v2\/users\/1"}],"replies":[{"embeddable":true,"href":"https:\/\/hollerung.hu\/en\/wp-json\/wp\/v2\/comments?post=1212"}],"version-history":[{"count":32,"href":"https:\/\/hollerung.hu\/en\/wp-json\/wp\/v2\/pages\/1212\/revisions"}],"predecessor-version":[{"id":2135,"href":"https:\/\/hollerung.hu\/en\/wp-json\/wp\/v2\/pages\/1212\/revisions\/2135"}],"wp:attachment":[{"href":"https:\/\/hollerung.hu\/en\/wp-json\/wp\/v2\/media?parent=1212"}],"curies":[{"name":"wp","href":"https:\/\/api.w.org\/{rel}","templated":true}]}}