{"id":113,"date":"2011-09-07T11:03:50","date_gmt":"2011-09-07T11:03:50","guid":{"rendered":"http:\/\/hollerung.hu\/?page_id=113"},"modified":"2015-12-31T12:27:45","modified_gmt":"2015-12-31T12:27:45","slug":"zene","status":"publish","type":"page","link":"https:\/\/hollerung.hu\/en\/media\/zene\/","title":{"rendered":"Music"},"content":{"rendered":"<p><div id=\"mp3jWrap_0\" class=\"mjp-s-wrapper s-graphic unsel-mjp  verdana-mjp\" style=\"font-size:14px;\"><span id=\"playpause_wrap_mp3j_0\" class=\"wrap_inline_mp3j\" style=\"font-weight:700;\"><span class=\"gfxbutton_mp3j play-mjp\" id=\"playpause_mp3j_0\" style=\"font-size:14px;\">&nbsp;&nbsp;&nbsp;&nbsp;&nbsp;<\/span>&nbsp;<span class=\"group_wrap\"><span class=\"bars_mp3j\"><span class=\"loadB_mp3j\" id=\"load_mp3j_0\"><\/span><span class=\"posbarB_mp3j\" id=\"posbar_mp3j_0\"><\/span><\/span><span class=\"T_mp3j\" id=\"T_mp3j_0\" style=\"font-size:14px;\">1. Liszt: Hungarian Coronation Mass- Credo<\/span><span class=\"indi_mp3j\" style=\"font-size:9.8px;\" id=\"statusMI_0\"><\/span><\/span><\/span><\/div><span class=\"s-nosolution\" id=\"mp3j_nosolution_0\" style=\"display:none;\"><\/span><script>\nMP3jPLAYLISTS.inline_0 = [\n\t{ name: \"1. Liszt-Credo.mp3\", formats: [\"mp3\"], mp3: \"L211c2ljL0xpc3p0LUNyZWRvLm1wMw==\", counterpart:\"\", artist: \"\", image: \"\", imgurl: \"\" }\n];\n<\/script>\n\n<script>MP3jPLAYERS[0] = { list: MP3jPLAYLISTS.inline_0, tr:0, type:'single', lstate:'', loop:false, play_txt:'&nbsp;&nbsp;&nbsp;&nbsp;&nbsp;', pause_txt:'&nbsp;&nbsp;&nbsp;&nbsp;&nbsp;', pp_title:'', autoplay:false, download:false, vol:100, height:'' };<\/script><br \/>\nBudapest Academic Choir Society<\/p>\n<p><div id=\"mp3jWrap_1\" class=\"mjp-s-wrapper s-graphic unsel-mjp  verdana-mjp\" style=\"font-size:14px;\"><span id=\"playpause_wrap_mp3j_1\" class=\"wrap_inline_mp3j\" style=\"font-weight:700;\"><span class=\"gfxbutton_mp3j play-mjp\" id=\"playpause_mp3j_1\" style=\"font-size:14px;\">&nbsp;&nbsp;&nbsp;&nbsp;&nbsp;<\/span>&nbsp;<span class=\"group_wrap\"><span class=\"bars_mp3j\"><span class=\"loadB_mp3j\" id=\"load_mp3j_1\"><\/span><span class=\"posbarB_mp3j\" id=\"posbar_mp3j_1\"><\/span><\/span><span class=\"T_mp3j\" id=\"T_mp3j_1\" style=\"font-size:14px;\">2. Puccini: Messa di Gloria- Agnus Dei<\/span><span class=\"indi_mp3j\" style=\"font-size:9.8px;\" id=\"statusMI_1\"><\/span><\/span><\/span><\/div><span class=\"s-nosolution\" id=\"mp3j_nosolution_1\" style=\"display:none;\"><\/span><script>\nMP3jPLAYLISTS.inline_1 = [\n\t{ name: \"2. Puccini_MessadiGloria_Agnus.mp3\", formats: [\"mp3\"], mp3: \"L211c2ljL1B1Y2NpbmlfTWVzc2FkaUdsb3JpYV9BZ251cy5tcDM=\", counterpart:\"\", artist: \"\", image: \"\", imgurl: \"\" }\n];\n<\/script>\n\n<script>MP3jPLAYERS[1] = { list: MP3jPLAYLISTS.inline_1, tr:0, type:'single', lstate:'', loop:false, play_txt:'&nbsp;&nbsp;&nbsp;&nbsp;&nbsp;', pause_txt:'&nbsp;&nbsp;&nbsp;&nbsp;&nbsp;', pp_title:'', autoplay:false, download:false, vol:100, height:'' };<\/script><br \/>\nLet the country sing<br \/>\nM\u00e1t\u00e9 G\u00e1l, P\u00e9ter K\u00e1lm\u00e1n<br \/>\nDohn\u00e1nyi Orchestra Budafok<\/p>\n<p><div id=\"mp3jWrap_2\" class=\"mjp-s-wrapper s-graphic unsel-mjp  verdana-mjp\" style=\"font-size:14px;\"><span id=\"playpause_wrap_mp3j_2\" class=\"wrap_inline_mp3j\" style=\"font-weight:700;\"><span class=\"gfxbutton_mp3j play-mjp\" id=\"playpause_mp3j_2\" style=\"font-size:14px;\">&nbsp;&nbsp;&nbsp;&nbsp;&nbsp;<\/span>&nbsp;<span class=\"group_wrap\"><span class=\"bars_mp3j\"><span class=\"loadB_mp3j\" id=\"load_mp3j_2\"><\/span><span class=\"posbarB_mp3j\" id=\"posbar_mp3j_2\"><\/span><\/span><span class=\"T_mp3j\" id=\"T_mp3j_2\" style=\"font-size:14px;\">3. Rimsky-Korsakov: Scheherezade<\/span><span class=\"indi_mp3j\" style=\"font-size:9.8px;\" id=\"statusMI_2\"><\/span><\/span><\/span><\/div><span class=\"s-nosolution\" id=\"mp3j_nosolution_2\" style=\"display:none;\"><\/span><script>\nMP3jPLAYLISTS.inline_2 = [\n\t{ name: \"3. 17sehere.mp3\", formats: [\"mp3\"], mp3: \"L211c2ljLzE3c2VoZXJlLm1wMw==\", counterpart:\"\", artist: \"\", image: \"\", imgurl: \"\" }\n];\n<\/script>\n\n<script>MP3jPLAYERS[2] = { list: MP3jPLAYLISTS.inline_2, tr:0, type:'single', lstate:'', loop:false, play_txt:'&nbsp;&nbsp;&nbsp;&nbsp;&nbsp;', pause_txt:'&nbsp;&nbsp;&nbsp;&nbsp;&nbsp;', pp_title:'', autoplay:false, download:false, vol:100, height:'' };<\/script><br \/>\nVilmos Ol\u00e1h- violin<br \/>\nDohn\u00e1nyi Orchestra Budafok<\/p>\n<p><div id=\"mp3jWrap_3\" class=\"mjp-s-wrapper s-graphic unsel-mjp  verdana-mjp\" style=\"font-size:14px;\"><span id=\"playpause_wrap_mp3j_3\" class=\"wrap_inline_mp3j\" style=\"font-weight:700;\"><span class=\"gfxbutton_mp3j play-mjp\" id=\"playpause_mp3j_3\" style=\"font-size:14px;\">&nbsp;&nbsp;&nbsp;&nbsp;&nbsp;<\/span>&nbsp;<span class=\"group_wrap\"><span class=\"bars_mp3j\"><span class=\"loadB_mp3j\" id=\"load_mp3j_3\"><\/span><span class=\"posbarB_mp3j\" id=\"posbar_mp3j_3\"><\/span><\/span><span class=\"T_mp3j\" id=\"T_mp3j_3\" style=\"font-size:14px;\">4. Berlioz: Symphonie Fantastique<\/span><span class=\"indi_mp3j\" style=\"font-size:9.8px;\" id=\"statusMI_3\"><\/span><\/span><\/span><\/div><span class=\"s-nosolution\" id=\"mp3j_nosolution_3\" style=\"display:none;\"><\/span><script>\nMP3jPLAYLISTS.inline_3 = [\n\t{ name: \"4. 02berlioz.mp3\", formats: [\"mp3\"], mp3: \"L211c2ljLzAyYmVybGlvei5tcDM=\", counterpart:\"\", artist: \"\", image: \"\", imgurl: \"\" }\n];\n<\/script>\n\n<script>MP3jPLAYERS[3] = { list: MP3jPLAYLISTS.inline_3, tr:0, type:'single', lstate:'', loop:false, play_txt:'&nbsp;&nbsp;&nbsp;&nbsp;&nbsp;', pause_txt:'&nbsp;&nbsp;&nbsp;&nbsp;&nbsp;', pp_title:'', autoplay:false, download:false, vol:100, height:'' };<\/script><br \/>\nDohn\u00e1nyi Orchestra Budafok<\/p>\n<p><div id=\"mp3jWrap_4\" class=\"mjp-s-wrapper s-graphic unsel-mjp  verdana-mjp\" style=\"font-size:14px;\"><span id=\"playpause_wrap_mp3j_4\" class=\"wrap_inline_mp3j\" style=\"font-weight:700;\"><span class=\"gfxbutton_mp3j play-mjp\" id=\"playpause_mp3j_4\" style=\"font-size:14px;\">&nbsp;&nbsp;&nbsp;&nbsp;&nbsp;<\/span>&nbsp;<span class=\"group_wrap\"><span class=\"bars_mp3j\"><span class=\"loadB_mp3j\" id=\"load_mp3j_4\"><\/span><span class=\"posbarB_mp3j\" id=\"posbar_mp3j_4\"><\/span><\/span><span class=\"T_mp3j\" id=\"T_mp3j_4\" style=\"font-size:14px;\">5. Brahms: Symphony No.1<\/span><span class=\"indi_mp3j\" style=\"font-size:9.8px;\" id=\"statusMI_4\"><\/span><\/span><\/span><\/div><span class=\"s-nosolution\" id=\"mp3j_nosolution_4\" style=\"display:none;\"><\/span><script>\nMP3jPLAYLISTS.inline_4 = [\n\t{ name: \"5. 03brahms.mp3\", formats: [\"mp3\"], mp3: \"L211c2ljLzAzYnJhaG1zLm1wMw==\", counterpart:\"\", artist: \"\", image: \"\", imgurl: \"\" }\n];\n<\/script>\n\n<script>MP3jPLAYERS[4] = { list: MP3jPLAYLISTS.inline_4, tr:0, type:'single', lstate:'', loop:false, play_txt:'&nbsp;&nbsp;&nbsp;&nbsp;&nbsp;', pause_txt:'&nbsp;&nbsp;&nbsp;&nbsp;&nbsp;', pp_title:'', autoplay:false, download:false, vol:100, height:'' };<\/script><br \/>\nDohn\u00e1nyi Orchestra Budafok<\/p>\n<div id=\"mp3jWrap_5\" class=\"mjp-s-wrapper s-graphic unsel-mjp  verdana-mjp\" style=\"font-size:14px;\"><span id=\"playpause_wrap_mp3j_5\" class=\"wrap_inline_mp3j\" style=\"font-weight:700;\"><span class=\"gfxbutton_mp3j play-mjp\" id=\"playpause_mp3j_5\" style=\"font-size:14px;\">&nbsp;&nbsp;&nbsp;&nbsp;&nbsp;<\/span>&nbsp;<span class=\"group_wrap\"><span class=\"bars_mp3j\"><span class=\"loadB_mp3j\" id=\"load_mp3j_5\"><\/span><span class=\"posbarB_mp3j\" id=\"posbar_mp3j_5\"><\/span><\/span><span class=\"T_mp3j\" id=\"T_mp3j_5\" style=\"font-size:14px;\">6. Mendelssohn: Elijah (1)<\/span><span class=\"indi_mp3j\" style=\"font-size:9.8px;\" id=\"statusMI_5\"><\/span><\/span><\/span><\/div><span class=\"s-nosolution\" id=\"mp3j_nosolution_5\" style=\"display:none;\"><\/span><script>\nMP3jPLAYLISTS.inline_5 = [\n\t{ name: \"6. 07\u00e9li\u00e1s.mp3\", formats: [\"mp3\"], mp3: \"L211c2ljLzA3w6lsacOhcy5tcDM=\", counterpart:\"\", artist: \"\", image: \"\", imgurl: \"\" }\n];\n<\/script>\n\n<script>MP3jPLAYERS[5] = { list: MP3jPLAYLISTS.inline_5, tr:0, type:'single', lstate:'', loop:false, play_txt:'&nbsp;&nbsp;&nbsp;&nbsp;&nbsp;', pause_txt:'&nbsp;&nbsp;&nbsp;&nbsp;&nbsp;', pp_title:'', autoplay:false, download:false, vol:100, height:'' };<\/script>\n<p><div id=\"mp3jWrap_6\" class=\"mjp-s-wrapper s-graphic unsel-mjp  verdana-mjp\" style=\"font-size:14px;\"><span id=\"playpause_wrap_mp3j_6\" class=\"wrap_inline_mp3j\" style=\"font-weight:700;\"><span class=\"gfxbutton_mp3j play-mjp\" id=\"playpause_mp3j_6\" style=\"font-size:14px;\">&nbsp;&nbsp;&nbsp;&nbsp;&nbsp;<\/span>&nbsp;<span class=\"group_wrap\"><span class=\"bars_mp3j\"><span class=\"loadB_mp3j\" id=\"load_mp3j_6\"><\/span><span class=\"posbarB_mp3j\" id=\"posbar_mp3j_6\"><\/span><\/span><span class=\"T_mp3j\" id=\"T_mp3j_6\" style=\"font-size:14px;\">7. Mendelssohn: Elijah (2)<\/span><span class=\"indi_mp3j\" style=\"font-size:9.8px;\" id=\"statusMI_6\"><\/span><\/span><\/span><\/div><span class=\"s-nosolution\" id=\"mp3j_nosolution_6\" style=\"display:none;\"><\/span><script>\nMP3jPLAYLISTS.inline_6 = [\n\t{ name: \"7. 08\u00e9li\u00e1s.mp3\", formats: [\"mp3\"], mp3: \"L211c2ljLzA4w6lsacOhcy5tcDM=\", counterpart:\"\", artist: \"\", image: \"\", imgurl: \"\" }\n];\n<\/script>\n\n<script>MP3jPLAYERS[6] = { list: MP3jPLAYLISTS.inline_6, tr:0, type:'single', lstate:'', loop:false, play_txt:'&nbsp;&nbsp;&nbsp;&nbsp;&nbsp;', pause_txt:'&nbsp;&nbsp;&nbsp;&nbsp;&nbsp;', pp_title:'', autoplay:false, download:false, vol:100, height:'' };<\/script><br \/>\nSharon Rostorf \/ Adrienn Miks \/ Judit N\u00e9meth \/ Emese T\u0151k\u00e9si<br \/>\nSzabolcs Brickner \/ Zolt\u00e1n Czier \/ Peter Lika \/ Lajos Geiger<br \/>\nDohn\u00e1nyi Orchestra Budafok<br \/>\nBudapest Academic Choir Society<\/p>\n<div id=\"mp3jWrap_7\" class=\"mjp-s-wrapper s-graphic unsel-mjp  verdana-mjp\" style=\"font-size:14px;\"><span id=\"playpause_wrap_mp3j_7\" class=\"wrap_inline_mp3j\" style=\"font-weight:700;\"><span class=\"gfxbutton_mp3j play-mjp\" id=\"playpause_mp3j_7\" style=\"font-size:14px;\">&nbsp;&nbsp;&nbsp;&nbsp;&nbsp;<\/span>&nbsp;<span class=\"group_wrap\"><span class=\"bars_mp3j\"><span class=\"loadB_mp3j\" id=\"load_mp3j_7\"><\/span><span class=\"posbarB_mp3j\" id=\"posbar_mp3j_7\"><\/span><\/span><span class=\"T_mp3j\" id=\"T_mp3j_7\" style=\"font-size:14px;\">8. Mozart: Symphony Haffner (1)<\/span><span class=\"indi_mp3j\" style=\"font-size:9.8px;\" id=\"statusMI_7\"><\/span><\/span><\/span><\/div><span class=\"s-nosolution\" id=\"mp3j_nosolution_7\" style=\"display:none;\"><\/span><script>\nMP3jPLAYLISTS.inline_7 = [\n\t{ name: \"8. 10mozart.mp3\", formats: [\"mp3\"], mp3: \"L211c2ljLzEwbW96YXJ0Lm1wMw==\", counterpart:\"\", artist: \"\", image: \"\", imgurl: \"\" }\n];\n<\/script>\n\n<script>MP3jPLAYERS[7] = { list: MP3jPLAYLISTS.inline_7, tr:0, type:'single', lstate:'', loop:false, play_txt:'&nbsp;&nbsp;&nbsp;&nbsp;&nbsp;', pause_txt:'&nbsp;&nbsp;&nbsp;&nbsp;&nbsp;', pp_title:'', autoplay:false, download:false, vol:100, height:'' };<\/script>\n<p><div id=\"mp3jWrap_8\" class=\"mjp-s-wrapper s-graphic unsel-mjp  verdana-mjp\" style=\"font-size:14px;\"><span id=\"playpause_wrap_mp3j_8\" class=\"wrap_inline_mp3j\" style=\"font-weight:700;\"><span class=\"gfxbutton_mp3j play-mjp\" id=\"playpause_mp3j_8\" style=\"font-size:14px;\">&nbsp;&nbsp;&nbsp;&nbsp;&nbsp;<\/span>&nbsp;<span class=\"group_wrap\"><span class=\"bars_mp3j\"><span class=\"loadB_mp3j\" id=\"load_mp3j_8\"><\/span><span class=\"posbarB_mp3j\" id=\"posbar_mp3j_8\"><\/span><\/span><span class=\"T_mp3j\" id=\"T_mp3j_8\" style=\"font-size:14px;\">9. Mozart: Symphony Haffner (2)<\/span><span class=\"indi_mp3j\" style=\"font-size:9.8px;\" id=\"statusMI_8\"><\/span><\/span><\/span><\/div><span class=\"s-nosolution\" id=\"mp3j_nosolution_8\" style=\"display:none;\"><\/span><script>\nMP3jPLAYLISTS.inline_8 = [\n\t{ name: \"9. 11mozart.mp3\", formats: [\"mp3\"], mp3: \"L211c2ljLzExbW96YXJ0Lm1wMw==\", counterpart:\"\", artist: \"\", image: \"\", imgurl: \"\" }\n];\n<\/script>\n\n<script>MP3jPLAYERS[8] = { list: MP3jPLAYLISTS.inline_8, tr:0, type:'single', lstate:'', loop:false, play_txt:'&nbsp;&nbsp;&nbsp;&nbsp;&nbsp;', pause_txt:'&nbsp;&nbsp;&nbsp;&nbsp;&nbsp;', pp_title:'', autoplay:false, download:false, vol:100, height:'' };<\/script><br \/>\nDohn\u00e1nyi Orchestra Budafok<\/p>\n<div id=\"mp3jWrap_9\" class=\"mjp-s-wrapper s-graphic unsel-mjp  verdana-mjp\" style=\"font-size:14px;\"><span id=\"playpause_wrap_mp3j_9\" class=\"wrap_inline_mp3j\" style=\"font-weight:700;\"><span class=\"gfxbutton_mp3j play-mjp\" id=\"playpause_mp3j_9\" style=\"font-size:14px;\">&nbsp;&nbsp;&nbsp;&nbsp;&nbsp;<\/span>&nbsp;<span class=\"group_wrap\"><span class=\"bars_mp3j\"><span class=\"loadB_mp3j\" id=\"load_mp3j_9\"><\/span><span class=\"posbarB_mp3j\" id=\"posbar_mp3j_9\"><\/span><\/span><span class=\"T_mp3j\" id=\"T_mp3j_9\" style=\"font-size:14px;\">10. Mahler: Symphony No.1 (1)<\/span><span class=\"indi_mp3j\" style=\"font-size:9.8px;\" id=\"statusMI_9\"><\/span><\/span><\/span><\/div><span class=\"s-nosolution\" id=\"mp3j_nosolution_9\" style=\"display:none;\"><\/span><script>\nMP3jPLAYLISTS.inline_9 = [\n\t{ name: \"10. 12mahler.mp3\", formats: [\"mp3\"], mp3: \"L211c2ljLzEybWFobGVyLm1wMw==\", counterpart:\"\", artist: \"\", image: \"\", imgurl: \"\" }\n];\n<\/script>\n\n<script>MP3jPLAYERS[9] = { list: MP3jPLAYLISTS.inline_9, tr:0, type:'single', lstate:'', loop:false, play_txt:'&nbsp;&nbsp;&nbsp;&nbsp;&nbsp;', pause_txt:'&nbsp;&nbsp;&nbsp;&nbsp;&nbsp;', pp_title:'', autoplay:false, download:false, vol:100, height:'' };<\/script>\n<p><div id=\"mp3jWrap_10\" class=\"mjp-s-wrapper s-graphic unsel-mjp  verdana-mjp\" style=\"font-size:14px;\"><span id=\"playpause_wrap_mp3j_10\" class=\"wrap_inline_mp3j\" style=\"font-weight:700;\"><span class=\"gfxbutton_mp3j play-mjp\" id=\"playpause_mp3j_10\" style=\"font-size:14px;\">&nbsp;&nbsp;&nbsp;&nbsp;&nbsp;<\/span>&nbsp;<span class=\"group_wrap\"><span class=\"bars_mp3j\"><span class=\"loadB_mp3j\" id=\"load_mp3j_10\"><\/span><span class=\"posbarB_mp3j\" id=\"posbar_mp3j_10\"><\/span><\/span><span class=\"T_mp3j\" id=\"T_mp3j_10\" style=\"font-size:14px;\">11. Mahler: Symphony No.1 (2)<\/span><span class=\"indi_mp3j\" style=\"font-size:9.8px;\" id=\"statusMI_10\"><\/span><\/span><\/span><\/div><span class=\"s-nosolution\" id=\"mp3j_nosolution_10\" style=\"display:none;\"><\/span><script>\nMP3jPLAYLISTS.inline_10 = [\n\t{ name: \"11. 13mahler.mp3\", formats: [\"mp3\"], mp3: \"L211c2ljLzEzbWFobGVyLm1wMw==\", counterpart:\"\", artist: \"\", image: \"\", imgurl: \"\" }\n];\n<\/script>\n\n<script>MP3jPLAYERS[10] = { list: MP3jPLAYLISTS.inline_10, tr:0, type:'single', lstate:'', loop:false, play_txt:'&nbsp;&nbsp;&nbsp;&nbsp;&nbsp;', pause_txt:'&nbsp;&nbsp;&nbsp;&nbsp;&nbsp;', pp_title:'', autoplay:false, download:false, vol:100, height:'' };<\/script><br \/>\nDohn\u00e1nyi Orchestra Budafok<\/p>\n<p><div id=\"mp3jWrap_11\" class=\"mjp-s-wrapper s-graphic unsel-mjp  verdana-mjp\" style=\"font-size:14px;\"><span id=\"playpause_wrap_mp3j_11\" class=\"wrap_inline_mp3j\" style=\"font-weight:700;\"><span class=\"gfxbutton_mp3j play-mjp\" id=\"playpause_mp3j_11\" style=\"font-size:14px;\">&nbsp;&nbsp;&nbsp;&nbsp;&nbsp;<\/span>&nbsp;<span class=\"group_wrap\"><span class=\"bars_mp3j\"><span class=\"loadB_mp3j\" id=\"load_mp3j_11\"><\/span><span class=\"posbarB_mp3j\" id=\"posbar_mp3j_11\"><\/span><\/span><span class=\"T_mp3j\" id=\"T_mp3j_11\" style=\"font-size:14px;\">12. Puccini: Le villi (1)<\/span><span class=\"indi_mp3j\" style=\"font-size:9.8px;\" id=\"statusMI_11\"><\/span><\/span><\/span><\/div><span class=\"s-nosolution\" id=\"mp3j_nosolution_11\" style=\"display:none;\"><\/span><script>\nMP3jPLAYLISTS.inline_11 = [\n\t{ name: \"12. 14puccini.mp3\", formats: [\"mp3\"], mp3: \"L211c2ljLzE0cHVjY2luaS5tcDM=\", counterpart:\"\", artist: \"\", image: \"\", imgurl: \"\" }\n];\n<\/script>\n\n<script>MP3jPLAYERS[11] = { list: MP3jPLAYLISTS.inline_11, tr:0, type:'single', lstate:'', loop:false, play_txt:'&nbsp;&nbsp;&nbsp;&nbsp;&nbsp;', pause_txt:'&nbsp;&nbsp;&nbsp;&nbsp;&nbsp;', pp_title:'', autoplay:false, download:false, vol:100, height:'' };<\/script><br \/>\n<div id=\"mp3jWrap_12\" class=\"mjp-s-wrapper s-graphic unsel-mjp  verdana-mjp\" style=\"font-size:14px;\"><span id=\"playpause_wrap_mp3j_12\" class=\"wrap_inline_mp3j\" style=\"font-weight:700;\"><span class=\"gfxbutton_mp3j play-mjp\" id=\"playpause_mp3j_12\" style=\"font-size:14px;\">&nbsp;&nbsp;&nbsp;&nbsp;&nbsp;<\/span>&nbsp;<span class=\"group_wrap\"><span class=\"bars_mp3j\"><span class=\"loadB_mp3j\" id=\"load_mp3j_12\"><\/span><span class=\"posbarB_mp3j\" id=\"posbar_mp3j_12\"><\/span><\/span><span class=\"T_mp3j\" id=\"T_mp3j_12\" style=\"font-size:14px;\">13. Puccini: Le villi (2)<\/span><span class=\"indi_mp3j\" style=\"font-size:9.8px;\" id=\"statusMI_12\"><\/span><\/span><\/span><\/div><span class=\"s-nosolution\" id=\"mp3j_nosolution_12\" style=\"display:none;\"><\/span><script>\nMP3jPLAYLISTS.inline_12 = [\n\t{ name: \"13. 16puccini.mp3\", formats: [\"mp3\"], mp3: \"L211c2ljLzE2cHVjY2luaS5tcDM=\", counterpart:\"\", artist: \"\", image: \"\", imgurl: \"\" }\n];\n<\/script>\n\n<script>MP3jPLAYERS[12] = { list: MP3jPLAYLISTS.inline_12, tr:0, type:'single', lstate:'', loop:false, play_txt:'&nbsp;&nbsp;&nbsp;&nbsp;&nbsp;', pause_txt:'&nbsp;&nbsp;&nbsp;&nbsp;&nbsp;', pp_title:'', autoplay:false, download:false, vol:100, height:'' };<\/script><br \/>\nFatime Szolnoki \/ George Oniani \/ Martin Babjak<br \/>\nDohn\u00e1nyi Orchestra Budafok<br \/>\nBudapest Academic Choir Society<br \/>\nHonv\u00e9d Male Choir<\/p>\n<p><div id=\"mp3jWrap_13\" class=\"mjp-s-wrapper s-graphic unsel-mjp  verdana-mjp\" style=\"font-size:14px;\"><span id=\"playpause_wrap_mp3j_13\" class=\"wrap_inline_mp3j\" style=\"font-weight:700;\"><span class=\"gfxbutton_mp3j play-mjp\" id=\"playpause_mp3j_13\" style=\"font-size:14px;\">&nbsp;&nbsp;&nbsp;&nbsp;&nbsp;<\/span>&nbsp;<span class=\"group_wrap\"><span class=\"bars_mp3j\"><span class=\"loadB_mp3j\" id=\"load_mp3j_13\"><\/span><span class=\"posbarB_mp3j\" id=\"posbar_mp3j_13\"><\/span><\/span><span class=\"T_mp3j\" id=\"T_mp3j_13\" style=\"font-size:14px;\">14. Dvorak: Stabat mater<\/span><span class=\"indi_mp3j\" style=\"font-size:9.8px;\" id=\"statusMI_13\"><\/span><\/span><\/span><\/div><span class=\"s-nosolution\" id=\"mp3j_nosolution_13\" style=\"display:none;\"><\/span><script>\nMP3jPLAYLISTS.inline_13 = [\n\t{ name: \"14. 19d.mp3\", formats: [\"mp3\"], mp3: \"L211c2ljLzE5ZC5tcDM=\", counterpart:\"\", artist: \"\", image: \"\", imgurl: \"\" }\n];\n<\/script>\n\n<script>MP3jPLAYERS[13] = { list: MP3jPLAYLISTS.inline_13, tr:0, type:'single', lstate:'', loop:false, play_txt:'&nbsp;&nbsp;&nbsp;&nbsp;&nbsp;', pause_txt:'&nbsp;&nbsp;&nbsp;&nbsp;&nbsp;', pp_title:'', autoplay:false, download:false, vol:100, height:'' };<\/script><br \/>\nIldik\u00f3 Cserna \/ Bernadett Wiedemann \/ Tam\u00e1s Csel\u00f3czki \/ G\u00e9za G\u00e1bor<br \/>\nDohn\u00e1nyi Orchestra Budafok<br \/>\nBudapest Academic Choir Society<\/p>\n<p><div id=\"mp3jWrap_14\" class=\"mjp-s-wrapper s-graphic unsel-mjp  verdana-mjp\" style=\"font-size:14px;\"><span id=\"playpause_wrap_mp3j_14\" class=\"wrap_inline_mp3j\" style=\"font-weight:700;\"><span class=\"gfxbutton_mp3j play-mjp\" id=\"playpause_mp3j_14\" style=\"font-size:14px;\">&nbsp;&nbsp;&nbsp;&nbsp;&nbsp;<\/span>&nbsp;<span class=\"group_wrap\"><span class=\"bars_mp3j\"><span class=\"loadB_mp3j\" id=\"load_mp3j_14\"><\/span><span class=\"posbarB_mp3j\" id=\"posbar_mp3j_14\"><\/span><\/span><span class=\"T_mp3j\" id=\"T_mp3j_14\" style=\"font-size:14px;\">15. Verdi: Requiem- Dies irae<\/span><span class=\"indi_mp3j\" style=\"font-size:9.8px;\" id=\"statusMI_14\"><\/span><\/span><\/span><\/div><span class=\"s-nosolution\" id=\"mp3j_nosolution_14\" style=\"display:none;\"><\/span><script>\nMP3jPLAYLISTS.inline_14 = [\n\t{ name: \"15. 20verdi.mp3\", formats: [\"mp3\"], mp3: \"L211c2ljLzIwdmVyZGkubXAz\", counterpart:\"\", artist: \"\", image: \"\", imgurl: \"\" }\n];\n<\/script>\n\n<script>MP3jPLAYERS[14] = { list: MP3jPLAYLISTS.inline_14, tr:0, type:'single', lstate:'', loop:false, play_txt:'&nbsp;&nbsp;&nbsp;&nbsp;&nbsp;', pause_txt:'&nbsp;&nbsp;&nbsp;&nbsp;&nbsp;', pp_title:'', autoplay:false, download:false, vol:100, height:'' };<\/script><br \/>\n<div id=\"mp3jWrap_15\" class=\"mjp-s-wrapper s-graphic unsel-mjp  verdana-mjp\" style=\"font-size:14px;\"><span id=\"playpause_wrap_mp3j_15\" class=\"wrap_inline_mp3j\" style=\"font-weight:700;\"><span class=\"gfxbutton_mp3j play-mjp\" id=\"playpause_mp3j_15\" style=\"font-size:14px;\">&nbsp;&nbsp;&nbsp;&nbsp;&nbsp;<\/span>&nbsp;<span class=\"group_wrap\"><span class=\"bars_mp3j\"><span class=\"loadB_mp3j\" id=\"load_mp3j_15\"><\/span><span class=\"posbarB_mp3j\" id=\"posbar_mp3j_15\"><\/span><\/span><span class=\"T_mp3j\" id=\"T_mp3j_15\" style=\"font-size:14px;\">16. Verdi: Requiem- Lacrimosa<\/span><span class=\"indi_mp3j\" style=\"font-size:9.8px;\" id=\"statusMI_15\"><\/span><\/span><\/span><\/div><span class=\"s-nosolution\" id=\"mp3j_nosolution_15\" style=\"display:none;\"><\/span><script>\nMP3jPLAYLISTS.inline_15 = [\n\t{ name: \"16. 21verdi.mp3\", formats: [\"mp3\"], mp3: \"L211c2ljLzIxdmVyZGkubXAz\", counterpart:\"\", artist: \"\", image: \"\", imgurl: \"\" }\n];\n<\/script>\n\n<script>MP3jPLAYERS[15] = { list: MP3jPLAYLISTS.inline_15, tr:0, type:'single', lstate:'', loop:false, play_txt:'&nbsp;&nbsp;&nbsp;&nbsp;&nbsp;', pause_txt:'&nbsp;&nbsp;&nbsp;&nbsp;&nbsp;', pp_title:'', autoplay:false, download:false, vol:100, height:'' };<\/script><br \/>\nLet the country sing<br \/>\nOrsolya Kirk\u00f3sa \/ Bernadett Wiedemann \/ Tam\u00e1s Csel\u00f3czki \/ G\u00e9za G\u00e1bor<br \/>\nDohn\u00e1nyi Orchester Budafok<\/p>\n<div id=\"themify_builder_content-113\" data-postid=\"113\" class=\"themify_builder_content themify_builder_content-113 themify_builder themify_builder_front\">\n\n\t<\/div>\n<!-- \/themify_builder_content -->","protected":false},"excerpt":{"rendered":"<p>Budapest Academic Choir Society Let the country sing M\u00e1t\u00e9 G\u00e1l, P\u00e9ter K\u00e1lm\u00e1n Dohn\u00e1nyi Orchestra Budafok Vilmos Ol\u00e1h- violin Dohn\u00e1nyi Orchestra Budafok Dohn\u00e1nyi Orchestra Budafok Dohn\u00e1nyi Orchestra Budafok Sharon Rostorf \/ Adrienn Miks \/ Judit N\u00e9meth \/ Emese T\u0151k\u00e9si Szabolcs Brickner \/ Zolt\u00e1n Czier \/ Peter Lika \/ Lajos Geiger Dohn\u00e1nyi Orchestra Budafok Budapest Academic Choir [&hellip;]<\/p>\n","protected":false},"author":1,"featured_media":0,"parent":64,"menu_order":5,"comment_status":"closed","ping_status":"closed","template":"","meta":{"ngg_post_thumbnail":0},"_links":{"self":[{"href":"https:\/\/hollerung.hu\/en\/wp-json\/wp\/v2\/pages\/113"}],"collection":[{"href":"https:\/\/hollerung.hu\/en\/wp-json\/wp\/v2\/pages"}],"about":[{"href":"https:\/\/hollerung.hu\/en\/wp-json\/wp\/v2\/types\/page"}],"author":[{"embeddable":true,"href":"https:\/\/hollerung.hu\/en\/wp-json\/wp\/v2\/users\/1"}],"replies":[{"embeddable":true,"href":"https:\/\/hollerung.hu\/en\/wp-json\/wp\/v2\/comments?post=113"}],"version-history":[{"count":27,"href":"https:\/\/hollerung.hu\/en\/wp-json\/wp\/v2\/pages\/113\/revisions"}],"predecessor-version":[{"id":1458,"href":"https:\/\/hollerung.hu\/en\/wp-json\/wp\/v2\/pages\/113\/revisions\/1458"}],"up":[{"embeddable":true,"href":"https:\/\/hollerung.hu\/en\/wp-json\/wp\/v2\/pages\/64"}],"wp:attachment":[{"href":"https:\/\/hollerung.hu\/en\/wp-json\/wp\/v2\/media?parent=113"}],"curies":[{"name":"wp","href":"https:\/\/api.w.org\/{rel}","templated":true}]}}