{"id":107,"date":"2011-09-07T10:52:13","date_gmt":"2011-09-07T10:52:13","guid":{"rendered":"http:\/\/hollerung.hu\/?page_id=107"},"modified":"2015-12-31T12:23:05","modified_gmt":"2015-12-31T12:23:05","slug":"videok","status":"publish","type":"page","link":"https:\/\/hollerung.hu\/en\/media\/videok\/","title":{"rendered":"Videos"},"content":{"rendered":"<p><\/p>\n<h4>Mendelssohn: Walpurgisnacht \u2013 Kommt mit Zacken<\/h4>\n<p>G\u00e1bor Hollerung conducts Israel Philharmonic Orchestra<br \/>\nPhilharmonia Singers Tel Aviv<br \/>\nMan Auditorium, 2004<\/p>\n<p><iframe src=\"https:\/\/www.youtube.com\/embed\/vBDmwn16yEA\" width=\"420\" height=\"315\" frameborder=\"0\" allowfullscreen=\"allowfullscreen\"><\/iframe><\/p>\n<h4>Bizet: Carmen \u2013 Torr\u00e9ador, angarde<\/h4>\n<p>G\u00e1bor Hollerung conducts Dohn\u00e1nyi Orchestra, Budafok<br \/>\nBudapest Academic Choral Society<br \/>\nHonv\u00e9d Male Choir<br \/>\nMusic Academy, Budapest, 2004<\/p>\n<p><iframe src=\"https:\/\/www.youtube.com\/embed\/MAvX-tStt8U\" width=\"420\" height=\"315\" frameborder=\"0\" allowfullscreen=\"allowfullscreen\"><\/iframe><\/p>\n<h4>H\u00e4ndel: Zadok the Priest<\/h4>\n<p>G\u00e1bor Hollerung conducts Dohn\u00e1nyi Orchestra, Budafok<br \/>\nBudapest Academic Choral Society<br \/>\nBudapest Youth Choir<br \/>\nChoral Fireworks \u2013 Bremen, Stadthalle, 2004<\/p>\n<p><iframe src=\"https:\/\/www.youtube.com\/embed\/PGzRVaGb2To\" width=\"420\" height=\"315\" frameborder=\"0\" allowfullscreen=\"allowfullscreen\"><\/iframe><\/p>\n<h4>Ducas: L\u2019apprenti sorcier<\/h4>\n<p>G\u00e1bor Hollerung conducts Dohn\u00e1ny Orchestra, Budafok<br \/>\nMusic Academy, Budapest, 2007<\/p>\n<p><iframe src=\"https:\/\/www.youtube.com\/embed\/pDHjSWSKt-g\" width=\"420\" height=\"315\" frameborder=\"0\" allowfullscreen=\"allowfullscreen\"><\/iframe><\/p>\n<h4>Tam\u00e1s P\u00e1ncz\u00e9l: Klezmer Suite<\/h4>\n<p>G\u00e1bor Hollerung conducts Dohn\u00e1nyi Orchestra, Budafok<br \/>\nPalace of Arts, Budapest, 2007<\/p>\n<p><iframe src=\"https:\/\/www.youtube.com\/embed\/RZtEK81213U\" width=\"420\" height=\"315\" frameborder=\"0\" allowfullscreen=\"allowfullscreen\"><\/iframe><\/p>\n<h4>Levente Gy\u00f6ngy\u00f6si: Symphony No.1.<\/h4>\n<p>Pro Musica Girls&#8217; Choir, Cantemus Mixed Choir<br \/>\nDohn\u00e1nyi Orchestra Budafok<br \/>\nNy\u00edregyh\u00e1za, 24 September 2011<\/p>\n<p><iframe src=\"http:\/\/www.youtube.com\/embed\/YadVEpfRG68?rel=0\" width=\"420\" height=\"315\" frameborder=\"0\"><\/iframe><\/p>\n<h4 style=\"text-align: justify;\">Gioacchino Rossini: Petite Messe Solennelle &#8211; Cum Sancto Spiritu<\/h4>\n<p>Budapest Academic Choir Society<br \/>\nMarianna T\u00f3th &#8211; piano<br \/>\nAdri\u00e1n Nagy &#8211; harmonium<br \/>\nZemplen Festival, Sarospatak, Calvinist Church, Hungary, 2011<\/p>\n<p><iframe src=\"http:\/\/www.youtube.com\/embed\/xDy7D0mLZzY\" width=\"420\" height=\"345\" frameborder=\"0\"><\/iframe><\/p>\n<h4>Kod\u00e1ly: Dances of K\u00e1lla<\/h4>\n<p>Dohn\u00e1nyi Orchestra Budafok<br \/>\nBudapest Academic Choral Society<br \/>\nWorld Choir Games, Graz, 2008<\/p>\n<p><iframe src=\"http:\/\/www.youtube.com\/embed\/AkTCfXcllEo?rel=0\" width=\"420\" height=\"345\" frameborder=\"0\"><\/iframe><\/p>\n<h4>Brahms: Ein deutsches Requiem- Denn wir haben&#8230;<\/h4>\n<p>Zsolt Moln\u00e1r<br \/>\nUnited choir of Hungary<br \/>\nDohn\u00e1nyi Orchestra Budafok<br \/>\nBudapest, Palace of Arts, 2007<\/p>\n<p><iframe src=\"http:\/\/www.youtube.com\/embed\/3svR4J90etM?rel=0\" width=\"420\" height=\"345\" frameborder=\"0\"><\/iframe><\/p>\n<h4>Tam\u00e1s P\u00e1ncz\u00e9l: Fossils (K\u00f6v\u00fcletek)<\/h4>\n<p>Dohn\u00e1nyi Orchester Budafok<br \/>\nBudapest, Palace of Arts, 2008<\/p>\n<p><iframe src=\"http:\/\/www.youtube.com\/embed\/QpsfOGEm614\" width=\"420\" height=\"315\" frameborder=\"0\"><\/iframe><\/p>\n<h4>Saint Saens: 2nd piano concerto (3\/3)<\/h4>\n<p>Keren Hanan<br \/>\nDohn\u00e1nyi Orchestra Budafok<br \/>\nBudapest, Palace of Arts, 2007<\/p>\n<p><iframe src=\"http:\/\/www.youtube.com\/embed\/-epVpmSZr8I\" width=\"420\" height=\"345\" frameborder=\"0\"><\/iframe><\/p>\n<div id=\"themify_builder_content-107\" data-postid=\"107\" class=\"themify_builder_content themify_builder_content-107 themify_builder themify_builder_front\">\n\n\t<\/div>\n<!-- \/themify_builder_content -->","protected":false},"excerpt":{"rendered":"<p>Mendelssohn: Walpurgisnacht \u2013 Kommt mit Zacken G\u00e1bor Hollerung conducts Israel Philharmonic Orchestra Philharmonia Singers Tel Aviv Man Auditorium, 2004 Bizet: Carmen \u2013 Torr\u00e9ador, angarde G\u00e1bor Hollerung conducts Dohn\u00e1nyi Orchestra, Budafok Budapest Academic Choral Society Honv\u00e9d Male Choir Music Academy, Budapest, 2004 H\u00e4ndel: Zadok the Priest G\u00e1bor Hollerung conducts Dohn\u00e1nyi Orchestra, Budafok Budapest Academic Choral Society [&hellip;]<\/p>\n","protected":false},"author":1,"featured_media":0,"parent":64,"menu_order":3,"comment_status":"closed","ping_status":"closed","template":"","meta":{"ngg_post_thumbnail":0},"_links":{"self":[{"href":"https:\/\/hollerung.hu\/en\/wp-json\/wp\/v2\/pages\/107"}],"collection":[{"href":"https:\/\/hollerung.hu\/en\/wp-json\/wp\/v2\/pages"}],"about":[{"href":"https:\/\/hollerung.hu\/en\/wp-json\/wp\/v2\/types\/page"}],"author":[{"embeddable":true,"href":"https:\/\/hollerung.hu\/en\/wp-json\/wp\/v2\/users\/1"}],"replies":[{"embeddable":true,"href":"https:\/\/hollerung.hu\/en\/wp-json\/wp\/v2\/comments?post=107"}],"version-history":[{"count":48,"href":"https:\/\/hollerung.hu\/en\/wp-json\/wp\/v2\/pages\/107\/revisions"}],"predecessor-version":[{"id":1456,"href":"https:\/\/hollerung.hu\/en\/wp-json\/wp\/v2\/pages\/107\/revisions\/1456"}],"up":[{"embeddable":true,"href":"https:\/\/hollerung.hu\/en\/wp-json\/wp\/v2\/pages\/64"}],"wp:attachment":[{"href":"https:\/\/hollerung.hu\/en\/wp-json\/wp\/v2\/media?parent=107"}],"curies":[{"name":"wp","href":"https:\/\/api.w.org\/{rel}","templated":true}]}}